{"id":326,"date":"2019-07-23T21:44:51","date_gmt":"2019-07-23T19:44:51","guid":{"rendered":"https:\/\/goya.everthemes.com\/demo-decor\/?post_type=product&#038;p=326"},"modified":"2023-11-25T09:18:35","modified_gmt":"2023-11-25T08:18:35","slug":"pack-bobber-lamps","status":"publish","type":"product","link":"https:\/\/www.daphneboutique.fr\/index.php\/product\/pack-bobber-lamps\/","title":{"rendered":"Coffret de 12 porte-couteaux grav\u00e9s de leurs essences"},"content":{"rendered":"<p>Coffret de 12 porte-couteaux grav\u00e9s de leurs essences. Amusez-vous \u00e0 les reconna\u00eetre sans regarder leurs noms !<\/p>\n<p>Facile d&rsquo;entretien, une noisette d&rsquo;huile d&rsquo;olive suffit lorsque le bois s&rsquo;ass\u00e8che pour raviver sa couleur.<\/p>\n<p>Attach\u00e9s avec ce rafia tout en nature, ce dernier rappelle le c\u00f4t\u00e9 authentique de ce produit propos\u00e9 par Daphn\u00e9 by BdM.<\/p>\n<p>80\u20ac le coffret de 12 porte-couteaux grav\u00e9s de leurs essences &#8211; Livraison possible<\/p>\n<h4>Details du produit<\/h4>\n<ul>\n<li>12 essences de bois diff\u00e9rents<\/li>\n<li>100% bio<\/li>\n<li>Fabriqu\u00e9s au sein de nos Ateliers BdM, membre des Artisans d&rsquo;Art de France<\/li>\n<li>Produits en Vall\u00e9e de Chevreuse<\/li>\n<li>Livraison possible en France 10\u20ac, en Europe 15\u20ac<\/li>\n<\/ul>\n<h4>Dimensions<\/h4>\n<p>Coffret : 21 cm &lsquo; 10 cm<br \/>\nPorte-couteau : 8 cm &lsquo; 1,5 cm<\/p>\n<p><img decoding=\"async\" loading=\"lazy\" src=\"https:\/\/goyacdn.everthemes.com\/assets\/demo\/content\/uploads\/sites\/2\/2019\/07\/bobber-pendant-dimensions-1024x922.jpg\" class=\"aligncenter size-large wp-image-65\" width=\"1024\" height=\"922\" alt=\"\"><\/p>\n","protected":false},"excerpt":{"rendered":"<p>Coffret grav\u00e9 des 12 essences des porte-couteaux. Amusez-vous \u00e0 les reconna\u00eetre sans regarder leurs noms !<\/p>\n<p>Attach\u00e9s avec ce rafia tout en nature, ce dernier rappelle le c\u00f4t\u00e9 authentique de ce produit propos\u00e9 par Daphn\u00e9 by BdM.<\/p>\n","protected":false},"featured_media":2721,"template":"","meta":[],"product_cat":[24],"product_tag":[25,57,29,32,58,55],"_links":{"self":[{"href":"https:\/\/www.daphneboutique.fr\/index.php\/wp-json\/wp\/v2\/product\/326"}],"collection":[{"href":"https:\/\/www.daphneboutique.fr\/index.php\/wp-json\/wp\/v2\/product"}],"about":[{"href":"https:\/\/www.daphneboutique.fr\/index.php\/wp-json\/wp\/v2\/types\/product"}],"wp:featuredmedia":[{"embeddable":true,"href":"https:\/\/www.daphneboutique.fr\/index.php\/wp-json\/wp\/v2\/media\/2721"}],"wp:attachment":[{"href":"https:\/\/www.daphneboutique.fr\/index.php\/wp-json\/wp\/v2\/media?parent=326"}],"wp:term":[{"taxonomy":"product_cat","embeddable":true,"href":"https:\/\/www.daphneboutique.fr\/index.php\/wp-json\/wp\/v2\/product_cat?post=326"},{"taxonomy":"product_tag","embeddable":true,"href":"https:\/\/www.daphneboutique.fr\/index.php\/wp-json\/wp\/v2\/product_tag?post=326"}],"curies":[{"name":"wp","href":"https:\/\/api.w.org\/{rel}","templated":true}]}}