{"id":3040,"date":"2023-05-23T13:07:26","date_gmt":"2023-05-23T11:07:26","guid":{"rendered":"https:\/\/www.daphneboutique.fr\/?post_type=product&#038;p=3040"},"modified":"2024-01-18T19:12:07","modified_gmt":"2024-01-18T18:12:07","slug":"dessous-de-plat-rectangulaire-planche-a-apero-en-hetre","status":"publish","type":"product","link":"https:\/\/www.daphneboutique.fr\/index.php\/product\/dessous-de-plat-rectangulaire-planche-a-apero-en-hetre\/","title":{"rendered":"Dessous de plat rectangulaire &#8211; planche \u00e0 ap\u00e9ro en h\u00eatre"},"content":{"rendered":"<p>Mod\u00e8le pr\u00e9sent\u00e9 ici avec vos gravures personnalis\u00e9es devant ou derri\u00e8re selon vos souhaits !<\/p>\n<p>Nouveau format : 30*20cm cm, 2 cm d\u2019\u00e9paisseur, en h\u00eatre prot\u00e9g\u00e9 \u00e0 l&rsquo;huile de tung.<\/p>\n<p>Entretien facile : une noisette d\u2019huile d\u2019olive lorsque le bois s\u2019ass\u00e8che apr\u00e8s les rin\u00e7ages.<\/p>\n","protected":false},"excerpt":{"rendered":"<p>Mod\u00e8le pr\u00e9sent\u00e9 ici avec vos gravures personnalis\u00e9es devant ou derri\u00e8re selon vos souhaits !<\/p>\n<p>Nouveau format : 30*20cm cm, 2 cm d\u2019\u00e9paisseur, en h\u00eatre prot\u00e9g\u00e9 \u00e0 l\u2019huile de tung.<\/p>\n<p>Entretien facile : une noisette d\u2019huile d\u2019olive lorsque le bois s\u2019ass\u00e8che apr\u00e8s les rin\u00e7ages.<\/p>\n","protected":false},"featured_media":3054,"template":"","meta":[],"product_cat":[33],"product_tag":[],"_links":{"self":[{"href":"https:\/\/www.daphneboutique.fr\/index.php\/wp-json\/wp\/v2\/product\/3040"}],"collection":[{"href":"https:\/\/www.daphneboutique.fr\/index.php\/wp-json\/wp\/v2\/product"}],"about":[{"href":"https:\/\/www.daphneboutique.fr\/index.php\/wp-json\/wp\/v2\/types\/product"}],"wp:featuredmedia":[{"embeddable":true,"href":"https:\/\/www.daphneboutique.fr\/index.php\/wp-json\/wp\/v2\/media\/3054"}],"wp:attachment":[{"href":"https:\/\/www.daphneboutique.fr\/index.php\/wp-json\/wp\/v2\/media?parent=3040"}],"wp:term":[{"taxonomy":"product_cat","embeddable":true,"href":"https:\/\/www.daphneboutique.fr\/index.php\/wp-json\/wp\/v2\/product_cat?post=3040"},{"taxonomy":"product_tag","embeddable":true,"href":"https:\/\/www.daphneboutique.fr\/index.php\/wp-json\/wp\/v2\/product_tag?post=3040"}],"curies":[{"name":"wp","href":"https:\/\/api.w.org\/{rel}","templated":true}]}}