{"id":2959,"date":"2023-03-29T17:10:05","date_gmt":"2023-03-29T15:10:05","guid":{"rendered":"https:\/\/www.daphneboutique.fr\/?post_type=product&#038;p=2959"},"modified":"2023-03-29T17:16:47","modified_gmt":"2023-03-29T15:16:47","slug":"modules-papillon","status":"publish","type":"product","link":"https:\/\/www.daphneboutique.fr\/index.php\/product\/modules-papillon\/","title":{"rendered":"Modules Papillon"},"content":{"rendered":"<h1>Cr\u00e9ez des espaces et des ensembles \u00e0 la mesure de vos envies<\/h1>\n<div class=\"wpb_text_column wpb_content_element wpb_animate_when_almost_visible wpb_slideInUp slideInUp wpb_start_animation animated\">\n<div class=\"wpb_wrapper\">\n<div class=\"kvgmc6g5 cxmmr5t8 oygrvhab hcukyx3x c1et5uql ii04i59q\">\n<div dir=\"auto\">Ces modules Papillon se combinent pour cr\u00e9er vos meubles ! Modulez vos espaces et vos ensembles \u00e0 la mesure de vos envies avec cette nouvelle ligne des \u00c9ditions BdM2,<br \/>\ndessin\u00e9e avec Beno\u00eet de Mal\u00e9zieux.<\/div>\n<div dir=\"auto\"><\/div>\n<\/div>\n<div class=\"o9v6fnle cxmmr5t8 oygrvhab hcukyx3x c1et5uql ii04i59q\">\n<div dir=\"auto\">Donnez une identit\u00e9 forte \u00e0 vos int\u00e9rieurs avec du mobilier original et color\u00e9. Utilisables seuls, en table basse, en bout de canap\u00e9 ou assembl\u00e9s pour former des colonnes et des \u00e9tag\u00e8res, ces modules cr\u00e9ent des espaces ais\u00e9ment personnalisables et configurables.<\/div>\n<div dir=\"auto\"><\/div>\n<\/div>\n<div class=\"o9v6fnle cxmmr5t8 oygrvhab hcukyx3x c1et5uql ii04i59q\">\n<div dir=\"auto\">Pour chaque module, choisissez une forme\u00a0<strong>une ou deux essences<br \/>\nAcajou &amp; Sycomore disponibles sous 4 semaines, comptez 6 semaines pour des commandes avec d&rsquo;autres essences.<\/strong><\/div>\n<\/div>\n<div class=\"o9v6fnle cxmmr5t8 oygrvhab hcukyx3x c1et5uql ii04i59q\">\n<div dir=\"auto\">Dimensions : 36\u201940\u201940. Tous les modules sont fabriqu\u00e9s et assembl\u00e9s en France avec des mati\u00e8res eco-responsables.<br \/>\nModules num\u00e9rot\u00e9s. Pour toutes informations ou commandes, laure@bdm.paris<\/div>\n<\/div>\n<div class=\"o9v6fnle cxmmr5t8 oygrvhab hcukyx3x c1et5uql ii04i59q\">\n<div dir=\"auto\">\n<p>Prix Unitaire des Modules Papillon :<br \/>\n\u2013 Combinaison 1 ou 2 mati\u00e8res : 420\u20ac TTC<br \/>\n\u2013 Combinaison 3 mati\u00e8res : 520\u20ac TTC<\/p>\n<\/div>\n<\/div>\n<p><b>Combinaisons multiples de couleurs et de mati\u00e8res<\/b><\/p>\n<\/div>\n<\/div>\n","protected":false},"excerpt":{"rendered":"<div class=\"kvgmc6g5 cxmmr5t8 oygrvhab hcukyx3x c1et5uql ii04i59q\">\n<div dir=\"auto\">\n<div class=\"kvgmc6g5 cxmmr5t8 oygrvhab hcukyx3x c1et5uql ii04i59q\">\n<div dir=\"auto\">Ces modules Papillon se combinent pour cr\u00e9er vos meubles ! Modulez vos espaces et vos ensembles \u00e0 la mesure de vos envies avec cette nouvelle ligne des \u00c9ditions BdM2,<br \/>\ndessin\u00e9e avec Beno\u00eet de Mal\u00e9zieux.<\/div>\n<div dir=\"auto\"><\/div>\n<\/div>\n<div class=\"o9v6fnle cxmmr5t8 oygrvhab hcukyx3x c1et5uql ii04i59q\">\n<div dir=\"auto\">Donnez une identit\u00e9 forte \u00e0 vos int\u00e9rieurs avec du mobilier original et color\u00e9. Utilisables seuls, en table basse, en bout de canap\u00e9 ou assembl\u00e9s pour former des colonnes et des \u00e9tag\u00e8res, ces modules cr\u00e9ent des espaces ais\u00e9ment personnalisables et configurables.<\/div>\n<div dir=\"auto\"><\/div>\n<\/div>\n<div class=\"o9v6fnle cxmmr5t8 oygrvhab hcukyx3x c1et5uql ii04i59q\">\n<div dir=\"auto\">Pour chaque module, choisissez une forme\u00a0<strong>une ou deux essences<br \/>\nAcajou &amp; Sycomore disponibles sous 4 semaines, comptez 6 semaines pour des commandes avec d&rsquo;autres essences.<\/strong><\/div>\n<\/div>\n<div class=\"o9v6fnle cxmmr5t8 oygrvhab hcukyx3x c1et5uql ii04i59q\">\n<div dir=\"auto\">Dimensions : 36\u201940\u201940. Tous les modules sont fabriqu\u00e9s et assembl\u00e9s en France avec des mati\u00e8res eco-responsables.<br \/>\nModules num\u00e9rot\u00e9s. Pour toutes informations ou commandes, laure@bdm.paris<\/div>\n<\/div>\n<div class=\"o9v6fnle cxmmr5t8 oygrvhab hcukyx3x c1et5uql ii04i59q\">\n<div dir=\"auto\">\n<p>Prix Unitaire des Modules Papillon :<br \/>\n\u2013 Combinaison 1 ou 2 mati\u00e8res : 420\u20ac TTC<\/p>\n<\/div>\n<\/div>\n<p><b>Combinaisons multiples de couleurs et de mati\u00e8res<\/b><\/p>\n<\/div>\n<\/div>\n","protected":false},"featured_media":2960,"template":"","meta":[],"product_cat":[99],"product_tag":[],"_links":{"self":[{"href":"https:\/\/www.daphneboutique.fr\/index.php\/wp-json\/wp\/v2\/product\/2959"}],"collection":[{"href":"https:\/\/www.daphneboutique.fr\/index.php\/wp-json\/wp\/v2\/product"}],"about":[{"href":"https:\/\/www.daphneboutique.fr\/index.php\/wp-json\/wp\/v2\/types\/product"}],"wp:featuredmedia":[{"embeddable":true,"href":"https:\/\/www.daphneboutique.fr\/index.php\/wp-json\/wp\/v2\/media\/2960"}],"wp:attachment":[{"href":"https:\/\/www.daphneboutique.fr\/index.php\/wp-json\/wp\/v2\/media?parent=2959"}],"wp:term":[{"taxonomy":"product_cat","embeddable":true,"href":"https:\/\/www.daphneboutique.fr\/index.php\/wp-json\/wp\/v2\/product_cat?post=2959"},{"taxonomy":"product_tag","embeddable":true,"href":"https:\/\/www.daphneboutique.fr\/index.php\/wp-json\/wp\/v2\/product_tag?post=2959"}],"curies":[{"name":"wp","href":"https:\/\/api.w.org\/{rel}","templated":true}]}}