{"id":290,"date":"2019-07-23T19:55:27","date_gmt":"2019-07-23T17:55:27","guid":{"rendered":"https:\/\/goya.everthemes.com\/demo-decor\/?post_type=product&#038;p=290"},"modified":"2026-04-27T11:26:51","modified_gmt":"2026-04-27T09:26:51","slug":"norm-stone-lamp","status":"publish","type":"product","link":"https:\/\/www.daphneboutique.fr\/index.php\/product\/norm-stone-lamp\/","title":{"rendered":"Bancs de pri\u00e8re en ch\u00eane, personnalisables avec les gravures de vos choix"},"content":{"rendered":"<p>Dans une chambre, le salon ou au pied du coin pri\u00e8re, ce banc de pri\u00e8re grav\u00e9 au pr\u00e9nom des fianc\u00e9s, des mari\u00e9s, de l\u2019enfant, avec la date de sa premi\u00e8re communion, de sa Profession de Foi, de sa Confirmation, et \u00e9ventuellement un verset biblique, invite au recueillement.<\/p>\n<p>Ils sont <strong>personnalisables avec ou sans gravure,<\/strong> les <strong>gravures consistant en une croix (8 choix de croix et 1 colombe), le pr\u00e9nom, une date et\/ou un verset de la Bible. <\/strong>Les noms des croix sont indiqu\u00e9s sur les photos pour vous aider dans votre choix. Le cadeau id\u00e9al pour vos enfants et petits-enfants.<\/p>\n<p><strong>Pr\u00e9voyez id\u00e9alement 7 jours<\/strong> entre la date de votre commande et la r\u00e9ception de celle-ci.<br \/>\n<strong>Attention dans votre choix de gravures, si vous souhaitez 1 croix dessus + 2 faces grav\u00e9es sur chaque c\u00f4t\u00e9 du banc, cela correspond \u00e0 3 gravures pour 1 banc, 10\u20ac\/gravure soit dans ce cas + 30\u20ac.<br \/>\nDimensions : 16 x 38 x 19 cm<\/strong><\/p>\n<h4>Product Details<\/h4>\n<ul>\n<li>Possibilit\u00e9 de le commander sans gravure<\/li>\n<li>Prix : 50\u20ac sans gravure<\/li>\n<li>10\u20ac \/ gravure suppl\u00e9mentaire (la croix comptant comme une gravure)<\/li>\n<li><strong>Dimensions : 16 x 38 x 19 cm<\/strong><\/li>\n<li>9 choix de croix possible sur le dessus : croix potenc\u00e9e (scoute SUF), croix rayonnante, croix Castel (JMJ, d\u00e9tour\u00e9e, creuse au centre), croix des Chartreux (couronne d&rsquo;\u00e9toiles), Croix SGE (scoute d&rsquo;Europe), Croix Taux de St Fran\u00e7ois (Coeur sacr\u00e9), Croix Arm\u00e9nienne, Croix du FRAT ou colombe (Confirmation)<\/li>\n<li>Possibilit\u00e9 de graver le verset de votre choix sur un c\u00f4t\u00e9 du banc<\/li>\n<li>Possibilit\u00e9 de graver le Pr\u00e9nom &amp; date de votre choix sur l&rsquo;autre c\u00f4t\u00e9 du banc<\/li>\n<li>Fabriqu\u00e9s au sein de nos Ateliers BdM, membre des Artisans d&rsquo;Art de France<\/li>\n<li>Produits en Vall\u00e9e de Chevreuse<\/li>\n<li>Livraison possible en France 20\u20ac<\/li>\n<li>Livraison possible en Europe 30\u20ac<\/li>\n<\/ul>\n","protected":false},"excerpt":{"rendered":"<p>Dans une chambre, le salon ou au pied du coin pri\u00e8re, ce banc de pri\u00e8re en ch\u00eane, grav\u00e9 au pr\u00e9nom des fianc\u00e9s, des mari\u00e9s, de l\u2019enfant, avec la date de sa premi\u00e8re communion, de sa Profession de Foi, de sa Confirmation, et \u00e9ventuellement un verset biblique, invite au recueillement.<\/p>\n<p>Ils sont&nbsp;<strong>personnalisables avec ou sans gravure,<\/strong>&nbsp;les&nbsp;<strong>gravures consistant en une croix (6 choix de croix ou 1 colombe), le pr\u00e9nom, une date et\/ou un verset de la Bible. <\/strong>Les noms des croix sont indiqu\u00e9s sur les photos pour vous aider dans votre choix. Le cadeau id\u00e9al pour vos enfants et petits-enfants.<\/p>\n<p><strong>Pr\u00e9voyez id\u00e9alement 7 jours<\/strong> entre la date de votre commande et la r\u00e9ception de celle-ci. Le prix du banc sans gravure est de 50\u20ac hors frais de port. <strong>Attention dans votre choix de gravures, si vous souhaitez 1 croix dessus + 2 faces grav\u00e9es sur chaque c\u00f4t\u00e9 du banc, cela correspond \u00e0 3 gravures pour 1 banc, 10\u20ac\/gravure, soit dans ce cas + 30\u20ac en plus.<\/strong><\/p>\n<p>Dimensions : 16 x 38 x 19 cm<\/p>\n","protected":false},"featured_media":3270,"template":"","meta":[],"product_cat":[30],"product_tag":[57,29,39],"_links":{"self":[{"href":"https:\/\/www.daphneboutique.fr\/index.php\/wp-json\/wp\/v2\/product\/290"}],"collection":[{"href":"https:\/\/www.daphneboutique.fr\/index.php\/wp-json\/wp\/v2\/product"}],"about":[{"href":"https:\/\/www.daphneboutique.fr\/index.php\/wp-json\/wp\/v2\/types\/product"}],"wp:featuredmedia":[{"embeddable":true,"href":"https:\/\/www.daphneboutique.fr\/index.php\/wp-json\/wp\/v2\/media\/3270"}],"wp:attachment":[{"href":"https:\/\/www.daphneboutique.fr\/index.php\/wp-json\/wp\/v2\/media?parent=290"}],"wp:term":[{"taxonomy":"product_cat","embeddable":true,"href":"https:\/\/www.daphneboutique.fr\/index.php\/wp-json\/wp\/v2\/product_cat?post=290"},{"taxonomy":"product_tag","embeddable":true,"href":"https:\/\/www.daphneboutique.fr\/index.php\/wp-json\/wp\/v2\/product_tag?post=290"}],"curies":[{"name":"wp","href":"https:\/\/api.w.org\/{rel}","templated":true}]}}