{"id":2783,"date":"2022-06-17T12:08:02","date_gmt":"2022-06-17T10:08:02","guid":{"rendered":"https:\/\/www.daphneboutique.fr\/?post_type=product&#038;p=2783"},"modified":"2023-08-25T15:53:58","modified_gmt":"2023-08-25T13:53:58","slug":"planche-a-decouper","status":"publish","type":"product","link":"https:\/\/www.daphneboutique.fr\/index.php\/product\/planche-a-decouper\/","title":{"rendered":"Planche \u00e0 d\u00e9couper"},"content":{"rendered":"<p>Planche \u00e0 d\u00e9couper en ch\u00eane dor\u00e9,<\/p>\n<p>Finitions huile de tung.<\/p>\n<p>Possibilit\u00e9 de personnaliser le dessus ou le dessous de ces planches avec la gravure de vos choix ! Comptez 10\u20ac de plus \u263a\ufe0f<\/p>\n<p>Dimensions : 35\u201915 cm. \u00c9paisseur 4cm.<\/p>\n<p>Entretien facile : une noisette d\u2019huile d\u2019olive lorsque le bois s\u2019ass\u00e8che apr\u00e8s plusieurs rin\u00e7ages.<\/p>\n","protected":false},"excerpt":{"rendered":"<p>Planche \u00e0 d\u00e9couper en ch\u00eane dor\u00e9, Finitions huile de tung. Possibilit\u00e9 de personnaliser le dessus ou le dessous de ces planches avec la gravure de vos choix ! Comptez 10\u20ac de plus \u263a\ufe0f Dimensions : 35\u201915 cm. \u00c9paisseur 4cm. Entretien facile : une noisette d\u2019huile d\u2019olive lorsque le bois s\u2019ass\u00e8che&hellip;<\/p>\n","protected":false},"featured_media":2782,"template":"","meta":[],"product_cat":[33],"product_tag":[],"_links":{"self":[{"href":"https:\/\/www.daphneboutique.fr\/index.php\/wp-json\/wp\/v2\/product\/2783"}],"collection":[{"href":"https:\/\/www.daphneboutique.fr\/index.php\/wp-json\/wp\/v2\/product"}],"about":[{"href":"https:\/\/www.daphneboutique.fr\/index.php\/wp-json\/wp\/v2\/types\/product"}],"wp:featuredmedia":[{"embeddable":true,"href":"https:\/\/www.daphneboutique.fr\/index.php\/wp-json\/wp\/v2\/media\/2782"}],"wp:attachment":[{"href":"https:\/\/www.daphneboutique.fr\/index.php\/wp-json\/wp\/v2\/media?parent=2783"}],"wp:term":[{"taxonomy":"product_cat","embeddable":true,"href":"https:\/\/www.daphneboutique.fr\/index.php\/wp-json\/wp\/v2\/product_cat?post=2783"},{"taxonomy":"product_tag","embeddable":true,"href":"https:\/\/www.daphneboutique.fr\/index.php\/wp-json\/wp\/v2\/product_tag?post=2783"}],"curies":[{"name":"wp","href":"https:\/\/api.w.org\/{rel}","templated":true}]}}