{"id":2752,"date":"2022-05-20T15:17:15","date_gmt":"2022-05-20T13:17:15","guid":{"rendered":"https:\/\/www.daphneboutique.fr\/index.php\/product\/rond-de-serviettes-aux-milles-essences\/"},"modified":"2022-05-20T15:17:15","modified_gmt":"2022-05-20T13:17:15","slug":"rond-de-serviettes-aux-milles-essences","status":"publish","type":"product","link":"https:\/\/www.daphneboutique.fr\/index.php\/product\/rond-de-serviettes-aux-milles-essences\/","title":{"rendered":"Rond de serviettes aux milles essences"},"content":{"rendered":"<p>Originaux ronds de serviettes avec l&rsquo;essence de votre choix ! Moul\u00e9es, ces feuilles de placages assembl\u00e9es entre elles deviennent solides et habilleront \u00e9l\u00e9gamment votre table !<\/p>\n","protected":false},"excerpt":{"rendered":"<p>Originaux ronds de serviettes avec l&rsquo;essence de votre choix ! Moul\u00e9es, ces feuilles de placages assembl\u00e9es entre elles deviennent solides et habilleront \u00e9l\u00e9gamment votre table !<\/p>\n","protected":false},"featured_media":2748,"template":"","meta":[],"product_cat":[33],"product_tag":[],"_links":{"self":[{"href":"https:\/\/www.daphneboutique.fr\/index.php\/wp-json\/wp\/v2\/product\/2752"}],"collection":[{"href":"https:\/\/www.daphneboutique.fr\/index.php\/wp-json\/wp\/v2\/product"}],"about":[{"href":"https:\/\/www.daphneboutique.fr\/index.php\/wp-json\/wp\/v2\/types\/product"}],"wp:featuredmedia":[{"embeddable":true,"href":"https:\/\/www.daphneboutique.fr\/index.php\/wp-json\/wp\/v2\/media\/2748"}],"wp:attachment":[{"href":"https:\/\/www.daphneboutique.fr\/index.php\/wp-json\/wp\/v2\/media?parent=2752"}],"wp:term":[{"taxonomy":"product_cat","embeddable":true,"href":"https:\/\/www.daphneboutique.fr\/index.php\/wp-json\/wp\/v2\/product_cat?post=2752"},{"taxonomy":"product_tag","embeddable":true,"href":"https:\/\/www.daphneboutique.fr\/index.php\/wp-json\/wp\/v2\/product_tag?post=2752"}],"curies":[{"name":"wp","href":"https:\/\/api.w.org\/{rel}","templated":true}]}}