{"id":2661,"date":"2022-04-21T11:45:41","date_gmt":"2022-04-21T09:45:41","guid":{"rendered":"https:\/\/www.daphneboutique.fr\/?post_type=product&#038;p=2661"},"modified":"2024-07-19T10:00:53","modified_gmt":"2024-07-19T08:00:53","slug":"nouveau-plateau-a-fromages","status":"publish","type":"product","link":"https:\/\/www.daphneboutique.fr\/index.php\/product\/nouveau-plateau-a-fromages\/","title":{"rendered":"Plateau \u00e0 fromages"},"content":{"rendered":"<p>Plateau \u00e0 fromages personnalisables avec les gravures de vos choix devant ou derri\u00e8re selon vos souhaits !<\/p>\n<p>Nouveau format plus grand : 35 cm de diam\u00e8tre, 3 cm d\u2019\u00e9paisseur, en ch\u00eane prot\u00e9g\u00e9 \u00e0 l&rsquo;huile de tung.<\/p>\n<p>Entretien facile : une noisette d\u2019huile d\u2019olive lorsque le bois s\u2019ass\u00e8che apr\u00e8s les rin\u00e7ages.<\/p>\n<p>Dites nous en commentaire o\u00f9 est ce que vous souhaitez la poign\u00e9e (milieu ou d\u00e9centr\u00e9e !)<\/p>\n","protected":false},"excerpt":{"rendered":"<p>Plateau \u00e0 fromages personnalisables avec les gravures de vos choix devant ou derri\u00e8re selon vos souhaits !<\/p>\n<p>Nouveau format plus grand : 35 cm de diam\u00e8tre, 3 cm d\u2019\u00e9paisseur, en ch\u00eane prot\u00e9g\u00e9 \u00e0 l\u2019huile de tung.<\/p>\n<p>Entretien facile : une noisette d\u2019huile d\u2019olive lorsque le bois s\u2019ass\u00e8che apr\u00e8s les rin\u00e7ages.<\/p>\n","protected":false},"featured_media":3003,"template":"","meta":[],"product_cat":[33],"product_tag":[],"_links":{"self":[{"href":"https:\/\/www.daphneboutique.fr\/index.php\/wp-json\/wp\/v2\/product\/2661"}],"collection":[{"href":"https:\/\/www.daphneboutique.fr\/index.php\/wp-json\/wp\/v2\/product"}],"about":[{"href":"https:\/\/www.daphneboutique.fr\/index.php\/wp-json\/wp\/v2\/types\/product"}],"wp:featuredmedia":[{"embeddable":true,"href":"https:\/\/www.daphneboutique.fr\/index.php\/wp-json\/wp\/v2\/media\/3003"}],"wp:attachment":[{"href":"https:\/\/www.daphneboutique.fr\/index.php\/wp-json\/wp\/v2\/media?parent=2661"}],"wp:term":[{"taxonomy":"product_cat","embeddable":true,"href":"https:\/\/www.daphneboutique.fr\/index.php\/wp-json\/wp\/v2\/product_cat?post=2661"},{"taxonomy":"product_tag","embeddable":true,"href":"https:\/\/www.daphneboutique.fr\/index.php\/wp-json\/wp\/v2\/product_tag?post=2661"}],"curies":[{"name":"wp","href":"https:\/\/api.w.org\/{rel}","templated":true}]}}