{"id":2550,"date":"2021-11-25T13:13:11","date_gmt":"2021-11-25T12:13:11","guid":{"rendered":"https:\/\/www.daphneboutique.fr\/?post_type=product&#038;p=2550"},"modified":"2022-11-20T19:55:50","modified_gmt":"2022-11-20T18:55:50","slug":"planche-a-decouper-en-chene-dore","status":"publish","type":"product","link":"https:\/\/www.daphneboutique.fr\/index.php\/product\/planche-a-decouper-en-chene-dore\/","title":{"rendered":"Planche avec d\u00e9coupe en ch\u00eane dor\u00e9"},"content":{"rendered":"<p>Planche \u00e0 d\u00e9couper en ch\u00eane dor\u00e9 avec un trou<\/p>\n<p>Possibilit\u00e9 de personnaliser le dessus de ces planches avec la gravure de vos choix ! Comptez 10\u20ac de plus \u263a\ufe0f<\/p>\n<p>Dimensions : 30&rsquo;20 cm. \u00c9paisseur 2cm.<\/p>\n<p>Entretien facile : une noisette d&rsquo;huile d&rsquo;olive lorsque le bois s&rsquo;ass\u00e8che apr\u00e8s plusieurs rin\u00e7ages.<\/p>\n","protected":false},"excerpt":{"rendered":"<p>Planche \u00e0 d\u00e9couper en ch\u00eane dor\u00e9 avec un trou.<\/p>\n<p>Possibilit\u00e9 de personnaliser le dessus de ces planches avec la gravure de vos choix ! Comptez 10\u20ac de plus \u263a\ufe0f<\/p>\n<p>Dimensions : 30\u201920 cm. \u00c9paisseur 2cm.<\/p>\n<p>Entretien facile : une noisette d\u2019huile d\u2019olive lorsque le bois s\u2019ass\u00e8che apr\u00e8s plusieurs rin\u00e7ages.<\/p>\n","protected":false},"featured_media":2728,"template":"","meta":[],"product_cat":[33],"product_tag":[],"_links":{"self":[{"href":"https:\/\/www.daphneboutique.fr\/index.php\/wp-json\/wp\/v2\/product\/2550"}],"collection":[{"href":"https:\/\/www.daphneboutique.fr\/index.php\/wp-json\/wp\/v2\/product"}],"about":[{"href":"https:\/\/www.daphneboutique.fr\/index.php\/wp-json\/wp\/v2\/types\/product"}],"wp:featuredmedia":[{"embeddable":true,"href":"https:\/\/www.daphneboutique.fr\/index.php\/wp-json\/wp\/v2\/media\/2728"}],"wp:attachment":[{"href":"https:\/\/www.daphneboutique.fr\/index.php\/wp-json\/wp\/v2\/media?parent=2550"}],"wp:term":[{"taxonomy":"product_cat","embeddable":true,"href":"https:\/\/www.daphneboutique.fr\/index.php\/wp-json\/wp\/v2\/product_cat?post=2550"},{"taxonomy":"product_tag","embeddable":true,"href":"https:\/\/www.daphneboutique.fr\/index.php\/wp-json\/wp\/v2\/product_tag?post=2550"}],"curies":[{"name":"wp","href":"https:\/\/api.w.org\/{rel}","templated":true}]}}