{"id":2534,"date":"2021-11-25T12:56:28","date_gmt":"2021-11-25T11:56:28","guid":{"rendered":"https:\/\/www.daphneboutique.fr\/?post_type=product&#038;p=2534"},"modified":"2025-06-24T15:43:02","modified_gmt":"2025-06-24T13:43:02","slug":"planche-en-chene-dore","status":"publish","type":"product","link":"https:\/\/www.daphneboutique.fr\/index.php\/product\/planche-en-chene-dore\/","title":{"rendered":"Planche en ch\u00eane dor\u00e9"},"content":{"rendered":"<p>Planche \u00e0 d\u00e9couper en ch\u00eane dor\u00e9<\/p>\n<p>Possibilit\u00e9 de personnaliser le dessus de ces planches avec la gravure de vos choix ! Comptez 10\u20ac de plus \u263a\ufe0f<\/p>\n<p>Dimensions : 40&rsquo;25 cm. \u00c9paisseur 2cm.<\/p>\n<p>Entretien facile : une noisette d&rsquo;huile d&rsquo;olive lorsque le bois s&rsquo;ass\u00e8che apr\u00e8s plusieurs rin\u00e7ages.<\/p>\n","protected":false},"excerpt":{"rendered":"<p>Planche \u00e0 d\u00e9couper en ch\u00eane dor\u00e9.<\/p>\n<p>Possibilit\u00e9 de personnaliser le dessus de ces planches avec la gravure de vos choix ! Comptez 10\u20ac de plus \u263a\ufe0f<\/p>\n<p>Dimensions : 40\u201925 cm. \u00c9paisseur 2cm.<\/p>\n<p>Entretien facile : une noisette d\u2019huile d\u2019olive lorsque le bois s\u2019ass\u00e8che apr\u00e8s plusieurs rin\u00e7ages.<\/p>\n","protected":false},"featured_media":2719,"template":"","meta":[],"product_cat":[33],"product_tag":[],"_links":{"self":[{"href":"https:\/\/www.daphneboutique.fr\/index.php\/wp-json\/wp\/v2\/product\/2534"}],"collection":[{"href":"https:\/\/www.daphneboutique.fr\/index.php\/wp-json\/wp\/v2\/product"}],"about":[{"href":"https:\/\/www.daphneboutique.fr\/index.php\/wp-json\/wp\/v2\/types\/product"}],"wp:featuredmedia":[{"embeddable":true,"href":"https:\/\/www.daphneboutique.fr\/index.php\/wp-json\/wp\/v2\/media\/2719"}],"wp:attachment":[{"href":"https:\/\/www.daphneboutique.fr\/index.php\/wp-json\/wp\/v2\/media?parent=2534"}],"wp:term":[{"taxonomy":"product_cat","embeddable":true,"href":"https:\/\/www.daphneboutique.fr\/index.php\/wp-json\/wp\/v2\/product_cat?post=2534"},{"taxonomy":"product_tag","embeddable":true,"href":"https:\/\/www.daphneboutique.fr\/index.php\/wp-json\/wp\/v2\/product_tag?post=2534"}],"curies":[{"name":"wp","href":"https:\/\/api.w.org\/{rel}","templated":true}]}}