{"id":2426,"date":"2018-06-07T19:40:10","date_gmt":"2018-06-07T17:40:10","guid":{"rendered":"https:\/\/www.daphneboutique.fr\/index.php\/product\/gravure-supplementaire-sur-un-produit\/"},"modified":"2022-11-26T13:42:02","modified_gmt":"2022-11-26T12:42:02","slug":"gravure-supplementaire-sur-un-produit","status":"publish","type":"product","link":"https:\/\/www.daphneboutique.fr\/index.php\/product\/gravure-supplementaire-sur-un-produit\/","title":{"rendered":"Gravure suppl\u00e9mentaire sur planche ap\u00e9ro"},"content":{"rendered":"<p>Pr\u00e9cisez ici votre souhait concernant cette gravure suppl\u00e9mentaire sur votre produit.<\/p>\n<p>Ce produit vous permet de rajouter cette gravure dans votre panier lors de votre commande. Pr\u00e9cisez bien sur quel produit !<\/p>\n<p>Une unit\u00e9 = une gravure = 10\u20ac suppl\u00e9mentaire<\/p>\n","protected":false},"excerpt":{"rendered":"<p>Pr\u00e9cisez ici votre souhait concernant cette gravure suppl\u00e9mentaire sur votre produit.<\/p>\n<p>Ce produit vous permet de rajouter cette gravure dans votre panier lors de votre commande. Pr\u00e9cisez bien sur quel produit !<\/p>\n<p>Une unit\u00e9 = une gravure = 10\u20ac suppl\u00e9mentaire<\/p>\n","protected":false},"featured_media":2637,"template":"","meta":[],"product_cat":[97],"product_tag":[],"_links":{"self":[{"href":"https:\/\/www.daphneboutique.fr\/index.php\/wp-json\/wp\/v2\/product\/2426"}],"collection":[{"href":"https:\/\/www.daphneboutique.fr\/index.php\/wp-json\/wp\/v2\/product"}],"about":[{"href":"https:\/\/www.daphneboutique.fr\/index.php\/wp-json\/wp\/v2\/types\/product"}],"wp:featuredmedia":[{"embeddable":true,"href":"https:\/\/www.daphneboutique.fr\/index.php\/wp-json\/wp\/v2\/media\/2637"}],"wp:attachment":[{"href":"https:\/\/www.daphneboutique.fr\/index.php\/wp-json\/wp\/v2\/media?parent=2426"}],"wp:term":[{"taxonomy":"product_cat","embeddable":true,"href":"https:\/\/www.daphneboutique.fr\/index.php\/wp-json\/wp\/v2\/product_cat?post=2426"},{"taxonomy":"product_tag","embeddable":true,"href":"https:\/\/www.daphneboutique.fr\/index.php\/wp-json\/wp\/v2\/product_tag?post=2426"}],"curies":[{"name":"wp","href":"https:\/\/api.w.org\/{rel}","templated":true}]}}