{"id":2005,"date":"2021-02-09T12:28:40","date_gmt":"2021-02-09T11:28:40","guid":{"rendered":"https:\/\/www.daphneboutique.fr\/index.php\/product\/coffret-de-12-porte-couteaux-dune-meme-essence\/"},"modified":"2022-11-21T13:51:08","modified_gmt":"2022-11-21T12:51:08","slug":"coffret-de-12-porte-couteaux-dune-meme-essence","status":"publish","type":"product","link":"https:\/\/www.daphneboutique.fr\/index.php\/product\/coffret-de-12-porte-couteaux-dune-meme-essence\/","title":{"rendered":"Coffret de 12 porte-couteaux d\u2019une m\u00eame essence"},"content":{"rendered":"<p>Coffret de 12 porte-couteaux grav\u00e9s avec la m\u00eame essence. Laissez vous charmer par l&rsquo;univers de Daphn\u00e9.<br \/>\nFacile d&rsquo;entretien, une noisette d&rsquo;huile d&rsquo;olive suffit lorsque le bois s&rsquo;ass\u00e8che pour raviver sa couleur.<br \/>\nAttach\u00e9s avec ce rafia tout en nature, ce dernier rappelle le c\u00f4t\u00e9 authentique de ce produit propos\u00e9 par Daphn\u00e9 by BdM.<\/p>\n<p>80\u20ac le coffret de 12 porte-couteaux grav\u00e9s d&rsquo;une m\u00eame essence &#8211; Livraison possible<\/p>\n<h4>Details du produit<\/h4>\n<ul>\n<li>12 porte-couteaux de la m\u00eame essence<\/li>\n<li>13 essences de bois diff\u00e9rentes possibles<\/li>\n<li>Ch\u00eane, ch\u00e2taignier, Erable, Charme, Acajou, Noyer, Tilleul, Buis, Orme, Platane, Sequo\u00efa, H\u00eatre et C\u00e8dre<br \/>\n(selon les stocks disponibles)<\/li>\n<li>100% bio<\/li>\n<li>Fabriqu\u00e9s au sein de nos Ateliers BdM, membre des Artisans d&rsquo;Art de France<\/li>\n<li>Produits en Vall\u00e9e de Chevreuse<\/li>\n<li>Livraison possible en France 10\u20ac, en Europe 15\u20ac<\/li>\n<\/ul>\n<h4>Dimensions<\/h4>\n<p>Coffret : 21 cm &lsquo; 10 cm<br \/>\nPorte-couteau : 8 cm &lsquo; 1,5 cm<\/p>\n<p>&nbsp;<\/p>\n","protected":false},"excerpt":{"rendered":"<p>Coffret de 12 porte-couteaux grav\u00e9s avec la m\u00eame essence. Laissez vous charmer par l&rsquo;univers de Daphn\u00e9. Facile d&rsquo;entretien, une noisette d&rsquo;huile d&rsquo;olive suffit lorsque le bois s&rsquo;ass\u00e8che pour raviver sa couleur. Attach\u00e9s avec ce rafia tout en nature, ce dernier rappelle le c\u00f4t\u00e9 authentique de ce produit propos\u00e9 par Daphn\u00e9&hellip;<\/p>\n","protected":false},"featured_media":2634,"template":"","meta":[],"product_cat":[24],"product_tag":[25,57,29,32,58,55],"_links":{"self":[{"href":"https:\/\/www.daphneboutique.fr\/index.php\/wp-json\/wp\/v2\/product\/2005"}],"collection":[{"href":"https:\/\/www.daphneboutique.fr\/index.php\/wp-json\/wp\/v2\/product"}],"about":[{"href":"https:\/\/www.daphneboutique.fr\/index.php\/wp-json\/wp\/v2\/types\/product"}],"wp:featuredmedia":[{"embeddable":true,"href":"https:\/\/www.daphneboutique.fr\/index.php\/wp-json\/wp\/v2\/media\/2634"}],"wp:attachment":[{"href":"https:\/\/www.daphneboutique.fr\/index.php\/wp-json\/wp\/v2\/media?parent=2005"}],"wp:term":[{"taxonomy":"product_cat","embeddable":true,"href":"https:\/\/www.daphneboutique.fr\/index.php\/wp-json\/wp\/v2\/product_cat?post=2005"},{"taxonomy":"product_tag","embeddable":true,"href":"https:\/\/www.daphneboutique.fr\/index.php\/wp-json\/wp\/v2\/product_tag?post=2005"}],"curies":[{"name":"wp","href":"https:\/\/api.w.org\/{rel}","templated":true}]}}