{"id":81,"date":"2019-07-20T03:07:39","date_gmt":"2019-07-20T03:07:39","guid":{"rendered":"https:\/\/goya.everthemes.com\/demo-decor\/?page_id=81"},"modified":"2023-02-24T22:45:40","modified_gmt":"2023-02-24T21:45:40","slug":"home-classic","status":"publish","type":"page","link":"https:\/\/www.daphneboutique.fr\/","title":{"rendered":"Home page Daphn\u00e9e boutique 1"},"content":{"rendered":"[vc_row et_row_padding=\u00a0\u00bbtrue\u00a0\u00bb et_column_align=\u00a0\u00bbalign-center\u00a0\u00bb parallax=\u00a0\u00bbcontent-moving\u00a0\u00bb css=\u00a0\u00bb.vc_custom_1612986850824{margin-right: 50px !important;margin-bottom: 40px !important;margin-left: 50px !important;border-right-width: 50px !important;border-left-width: 50px !important;}\u00a0\u00bb][vc_column css=\u00a0\u00bb.vc_custom_1611408665615{margin-bottom: 100px !important;}\u00a0\u00bb]\n\t\t\t<!-- START FullScreen Slider 1 11 REVOLUTION SLIDER 6.3.3 --><p class=\"rs-p-wp-fix\"><\/p>\n\t\t\t<rs-module-wrap id=\"rev_slider_7_1_wrapper\" data-source=\"gallery\" style=\"background:transparent;padding:20px;margin:0px auto;margin-top:0;margin-bottom:0;max-width:;\">\n\t\t\t\t<rs-module id=\"rev_slider_7_1\" class=\"goya-revslider\" style=\"\" data-version=\"6.3.3\">\n\t\t\t\t\t<rs-slides>\n\t\t\t\t\t\t<rs-slide data-key=\"rs-14\" data-title=\"Slide\" data-thumb=\"\/\/www.daphneboutique.fr\/wp-content\/uploads\/2022\/05\/34ef4757-ca1b-49c8-a4e0-f61d89389c71-100x50.jpeg\" data-anim=\"ei:d;eo:d;s:d;r:default;t:fadethroughlight;sl:d;\">\n\t\t\t\t\t\t\t<img src=\"\/\/www.daphneboutique.fr\/wp-content\/uploads\/2022\/05\/34ef4757-ca1b-49c8-a4e0-f61d89389c71.jpeg\" title=\"34ef4757-ca1b-49c8-a4e0-f61d89389c71\" width=\"1440\" height=\"1799\" class=\"rev-slidebg\" data-no-retina>\n<!--\n\t\t\t\t\t\t\t--><rs-layer\n\t\t\t\t\t\t\t\tid=\"slider-7-slide-14-layer-2\" \n\t\t\t\t\t\t\t\tclass=\"revslider-slide-title\"\n\t\t\t\t\t\t\t\tdata-type=\"text\"\n\t\t\t\t\t\t\t\tdata-xy=\"xo:251px,25px,35px,25px;y:b;yo:29px,185px,185px,285px;\"\n\t\t\t\t\t\t\t\tdata-text=\"w:nowrap,nowrap,nowrap,normal;s:72,72,72,48;l:80,80,80,60;a:inherit;\"\n\t\t\t\t\t\t\t\tdata-dim=\"w:auto,auto,auto,79%;\"\n\t\t\t\t\t\t\t\tdata-rsp_o=\"off\"\n\t\t\t\t\t\t\t\tdata-rsp_bd=\"off\"\n\t\t\t\t\t\t\t\tdata-layeronlimit=\"on\"\n\t\t\t\t\t\t\t\tdata-frame_0=\"y:50px;\"\n\t\t\t\t\t\t\t\tdata-frame_1=\"e:power4.inOut;st:800;sp:800;sR:800;\"\n\t\t\t\t\t\t\t\tdata-frame_999=\"st:w;sR:7400;auto:true;\"\n\t\t\t\t\t\t\t\tstyle=\"z-index:7;font-family:Jost;\"\n\t\t\t\t\t\t\t>Coffrets aux mille essences \n\t\t\t\t\t\t\t<\/rs-layer><!--\n-->\t\t\t\t\t\t<\/rs-slide>\n\t\t\t\t\t\t<rs-slide data-key=\"rs-12\" data-title=\"Slide\" data-thumb=\"\/\/www.daphneboutique.fr\/wp-content\/uploads\/2022\/05\/img_3507-scaled-100x50.jpeg\" data-anim=\"ei:d;eo:d;s:d;r:default;t:fade;sl:d;\">\n\t\t\t\t\t\t\t<img src=\"\/\/www.daphneboutique.fr\/wp-content\/uploads\/2022\/05\/img_3507-scaled.jpeg\" title=\"img_3507\" width=\"1920\" height=\"2560\" class=\"rev-slidebg\" data-no-retina>\n<!--\n\t\t\t\t\t\t\t--><rs-layer\n\t\t\t\t\t\t\t\tid=\"slider-7-slide-12-layer-1\" \n\t\t\t\t\t\t\t\tdata-type=\"text\"\n\t\t\t\t\t\t\t\tdata-xy=\"xo:51px,30px,40px,26px;y:b;yo:519px,290px,290px,360px;\"\n\t\t\t\t\t\t\t\tdata-text=\"s:12;l:20,20,20,14;ls:3px;a:inherit;\"\n\t\t\t\t\t\t\t\tdata-rsp_o=\"off\"\n\t\t\t\t\t\t\t\tdata-rsp_bd=\"off\"\n\t\t\t\t\t\t\t\tdata-padding=\"t:3;r:10;b:3;l:10;\"\n\t\t\t\t\t\t\t\tdata-border=\"bor:3px,3px,3px,3px;\"\n\t\t\t\t\t\t\t\tdata-frame_0=\"y:50px;\"\n\t\t\t\t\t\t\t\tdata-frame_1=\"x:1582px,0,0,0;y:-302px,0,0,0;st:300;sp:800;sR:300;\"\n\t\t\t\t\t\t\t\tdata-frame_999=\"o:0;st:w;sR:7900;\"\n\t\t\t\t\t\t\t\tstyle=\"z-index:5;background-color:#b9a16b;font-family:Jost;\"\n\t\t\t\t\t\t\t>SUMMER '19 \n\t\t\t\t\t\t\t<\/rs-layer><!--\n\n\t\t\t\t\t\t\t--><rs-layer\n\t\t\t\t\t\t\t\tid=\"slider-7-slide-12-layer-2\" \n\t\t\t\t\t\t\t\tclass=\"revslider-slide-title\"\n\t\t\t\t\t\t\t\tdata-type=\"text\"\n\t\t\t\t\t\t\t\tdata-xy=\"xo:40px,25px,35px,25px;y:b;yo:198px,185px,185px,285px;\"\n\t\t\t\t\t\t\t\tdata-text=\"w:nowrap,nowrap,nowrap,normal;s:72,72,72,48;l:80,80,80,60;a:inherit;\"\n\t\t\t\t\t\t\t\tdata-dim=\"w:auto,auto,auto,79%;\"\n\t\t\t\t\t\t\t\tdata-rsp_o=\"off\"\n\t\t\t\t\t\t\t\tdata-rsp_bd=\"off\"\n\t\t\t\t\t\t\t\tdata-frame_0=\"y:50px;\"\n\t\t\t\t\t\t\t\tdata-frame_1=\"e:power4.inOut;st:800;sp:800;sR:800;\"\n\t\t\t\t\t\t\t\tdata-frame_999=\"st:w;sR:7400;auto:true;\"\n\t\t\t\t\t\t\t\tstyle=\"z-index:7;font-family:Jost;\"\n\t\t\t\t\t\t\t>Se laisser fa\u00e7onner par la mati\u00e8re \n\t\t\t\t\t\t\t<\/rs-layer><!--\n\n\t\t\t\t\t\t\t--><a\n\t\t\t\t\t\t\t\tid=\"slider-7-slide-12-layer-4\" \n\t\t\t\t\t\t\t\tclass=\"rs-layer konte-button button-underline underline-small underline-left\"\n\t\t\t\t\t\t\t\thref=\"#\" target=\"_self\"\n\t\t\t\t\t\t\t\tdata-type=\"text\"\n\t\t\t\t\t\t\t\tdata-xy=\"xo:106px,30px,40px,25px;y:b;yo:76px,130px,130px,240px;\"\n\t\t\t\t\t\t\t\tdata-text=\"s:20,20,20,16;l:36,36,36,32;a:inherit;\"\n\t\t\t\t\t\t\t\tdata-dim=\"h:60px,auto,auto,auto;\"\n\t\t\t\t\t\t\t\tdata-rsp_o=\"off\"\n\t\t\t\t\t\t\t\tdata-rsp_bd=\"off\"\n\t\t\t\t\t\t\t\tdata-frame_0=\"y:50px;\"\n\t\t\t\t\t\t\t\tdata-frame_1=\"st:1300;sp:800;sR:1300;\"\n\t\t\t\t\t\t\t\tdata-frame_999=\"st:w;sR:6900;auto:true;\"\n\t\t\t\t\t\t\t\tstyle=\"z-index:8;font-family:Jost;\"\n\t\t\t\t\t\t\t>pour retrouver son essentiel \n\t\t\t\t\t\t\t<\/a><!--\n-->\t\t\t\t\t\t<\/rs-slide>\n\t\t\t\t\t\t<rs-slide data-key=\"rs-13\" data-title=\"Slide\" data-thumb=\"\/\/www.daphneboutique.fr\/wp-content\/uploads\/2022\/05\/img_2886-scaled-100x50.jpeg\" data-anim=\"ei:d;eo:d;s:d;r:default;t:fadethroughlight;sl:d;\">\n\t\t\t\t\t\t\t<img src=\"\/\/www.daphneboutique.fr\/wp-content\/uploads\/2022\/05\/img_2886-scaled.jpeg\" title=\"img_2886\" width=\"1920\" height=\"2560\" class=\"rev-slidebg\" data-no-retina>\n<!--\n\t\t\t\t\t\t\t--><rs-layer\n\t\t\t\t\t\t\t\tid=\"slider-7-slide-13-layer-2\" \n\t\t\t\t\t\t\t\tclass=\"revslider-slide-title\"\n\t\t\t\t\t\t\t\tdata-type=\"text\"\n\t\t\t\t\t\t\t\tdata-xy=\"xo:169px,25px,35px,25px;y:b;yo:317px,185px,185px,285px;\"\n\t\t\t\t\t\t\t\tdata-text=\"w:nowrap,nowrap,nowrap,normal;s:72,72,72,48;l:80,80,80,60;a:inherit;\"\n\t\t\t\t\t\t\t\tdata-dim=\"w:auto,auto,auto,79%;\"\n\t\t\t\t\t\t\t\tdata-rsp_o=\"off\"\n\t\t\t\t\t\t\t\tdata-rsp_bd=\"off\"\n\t\t\t\t\t\t\t\tdata-frame_0=\"y:50px;\"\n\t\t\t\t\t\t\t\tdata-frame_1=\"e:power4.inOut;st:800;sp:800;sR:800;\"\n\t\t\t\t\t\t\t\tdata-frame_999=\"st:w;sR:7400;auto:true;\"\n\t\t\t\t\t\t\t\tstyle=\"z-index:7;font-family:Jost;\"\n\t\t\t\t\t\t\t>Porte-couteaux \n\t\t\t\t\t\t\t<\/rs-layer><!--\n\n\t\t\t\t\t\t\t--><a\n\t\t\t\t\t\t\t\tid=\"slider-7-slide-13-layer-3\" \n\t\t\t\t\t\t\t\tclass=\"rs-layer konte-button button-underline underline-small underline-left\"\n\t\t\t\t\t\t\t\thref=\"#\" target=\"_self\"\n\t\t\t\t\t\t\t\tdata-type=\"text\"\n\t\t\t\t\t\t\t\tdata-xy=\"xo:407px,30px,40px,25px;y:b;yo:192px,130px,130px,240px;\"\n\t\t\t\t\t\t\t\tdata-text=\"s:26,20,20,16;l:36,36,36,32;a:inherit;\"\n\t\t\t\t\t\t\t\tdata-dim=\"h:58px,auto,auto,auto;\"\n\t\t\t\t\t\t\t\tdata-rsp_o=\"off\"\n\t\t\t\t\t\t\t\tdata-rsp_bd=\"off\"\n\t\t\t\t\t\t\t\tdata-frame_0=\"y:50px;\"\n\t\t\t\t\t\t\t\tdata-frame_1=\"st:1300;sp:800;sR:1300;\"\n\t\t\t\t\t\t\t\tdata-frame_999=\"st:w;sR:6900;auto:true;\"\n\t\t\t\t\t\t\t\tstyle=\"z-index:8;font-family:Jost;\"\n\t\t\t\t\t\t\t>grav\u00e9s de leurs essences \n\t\t\t\t\t\t\t<\/a><!--\n-->\t\t\t\t\t\t<\/rs-slide>\n\t\t\t\t\t<\/rs-slides>\n\t\t\t\t\t<rs-static-layers><!--\n\t\t\t\t\t--><\/rs-static-layers>\n\t\t\t\t<\/rs-module>\n\t\t\t\t<script type=\"text\/javascript\">\n\t\t\t\t\tsetREVStartSize({c: 'rev_slider_7_1',rl:[1240,1024,778,480],el:[600,768,960,720],gw:[1200,990,750,480],gh:[600,768,960,720],type:'standard',justify:'',layout:'fullwidth',mh:\"0\"});\n\t\t\t\t\tvar\trevapi7,\n\t\t\t\t\t\ttpj;\n\t\t\t\t\tfunction revinit_revslider71() {\n\t\t\t\t\tjQuery(function() {\n\t\t\t\t\t\ttpj = jQuery;\n\t\t\t\t\t\trevapi7 = tpj(\"#rev_slider_7_1\");\n\t\t\t\t\t\tif(revapi7==undefined || revapi7.revolution == undefined){\n\t\t\t\t\t\t\trevslider_showDoubleJqueryError(\"rev_slider_7_1\");\n\t\t\t\t\t\t}else{\n\t\t\t\t\t\t\trevapi7.revolution({\n\t\t\t\t\t\t\t\tduration:\"8000ms\",\n\t\t\t\t\t\t\t\tvisibilityLevels:\"1240,1024,778,480\",\n\t\t\t\t\t\t\t\tgridwidth:\"1200,990,750,480\",\n\t\t\t\t\t\t\t\tgridheight:\"600,768,960,720\",\n\t\t\t\t\t\t\t\tspinner:\"spinner2\",\n\t\t\t\t\t\t\t\tperspective:600,\n\t\t\t\t\t\t\t\tperspectiveType:\"local\",\n\t\t\t\t\t\t\t\teditorheight:\"600,768,960,720\",\n\t\t\t\t\t\t\t\tresponsiveLevels:\"1240,1024,778,480\",\n\t\t\t\t\t\t\t\tprogressBar:{disableProgressBar:true},\n\t\t\t\t\t\t\t\tnavigation: {\n\t\t\t\t\t\t\t\t\tmouseScrollNavigation:false,\n\t\t\t\t\t\t\t\t\twheelCallDelay:1000,\n\t\t\t\t\t\t\t\t\tonHoverStop:false,\n\t\t\t\t\t\t\t\t\ttouch: {\n\t\t\t\t\t\t\t\t\t\ttouchenabled:true,\n\t\t\t\t\t\t\t\t\t\ttouchOnDesktop:true\n\t\t\t\t\t\t\t\t\t},\n\t\t\t\t\t\t\t\t\tarrows: {\n\t\t\t\t\t\t\t\t\t\tenable:true,\n\t\t\t\t\t\t\t\t\t\tstyle:\"goya\",\n\t\t\t\t\t\t\t\t\t\tleft: {\n\t\t\t\t\t\t\t\t\t\t\tcontainer:\"layergrid\",\n\t\t\t\t\t\t\t\t\t\t\tv_align:\"bottom\",\n\t\t\t\t\t\t\t\t\t\t\th_offset:50,\n\t\t\t\t\t\t\t\t\t\t\tv_offset:60\n\t\t\t\t\t\t\t\t\t\t},\n\t\t\t\t\t\t\t\t\t\tright: {\n\t\t\t\t\t\t\t\t\t\t\tcontainer:\"layergrid\",\n\t\t\t\t\t\t\t\t\t\t\th_align:\"left\",\n\t\t\t\t\t\t\t\t\t\t\tv_align:\"bottom\",\n\t\t\t\t\t\t\t\t\t\t\th_offset:115,\n\t\t\t\t\t\t\t\t\t\t\tv_offset:60\n\t\t\t\t\t\t\t\t\t\t}\n\t\t\t\t\t\t\t\t\t}\n\t\t\t\t\t\t\t\t},\n\t\t\t\t\t\t\t\tscrolleffect: {\n\t\t\t\t\t\t\t\t\tset:true,\n\t\t\t\t\t\t\t\t\tmultiplicator:1.3,\n\t\t\t\t\t\t\t\t\tmultiplicator_layers:1.3,\n\t\t\t\t\t\t\t\t\tdisable_onmobile:true\n\t\t\t\t\t\t\t\t},\n\t\t\t\t\t\t\t\tfallbacks: {\n\t\t\t\t\t\t\t\t\tallowHTML5AutoPlayOnAndroid:true\n\t\t\t\t\t\t\t\t},\n\t\t\t\t\t\t\t});\n\t\t\t\t\t\t}\n\t\t\t\t\t\t\n\t\t\t\t\t});\n\t\t\t\t\t} \/\/ End of RevInitScript\n\t\t\t\tvar once_revslider71 = false;\n\t\t\t\tif (document.readyState === \"loading\") {document.addEventListener('readystatechange',function() { if((document.readyState === \"interactive\" || document.readyState === \"complete\") && !once_revslider71 ) { once_revslider71 = true; revinit_revslider71();}});} else {once_revslider71 = true; revinit_revslider71();}\n\t\t\t\t<\/script>\n\t\t\t\t<script>\n\t\t\t\t\tvar htmlDivCss = unescape(\"%0A.jost_font_light%20%7B%0A%20%20font-family%3A%20%27Jost%27%20%21important%3B%0A%20%20font-weight%3A%20300%20%21important%3B%0A%7D%0A.jost_font_book%20%7B%0A%20%20font-family%3A%20%27Jost%27%20%21important%3B%0A%20%20font-weight%3A%20400%20%21important%3B%0A%7D%0A.jost_font_medium%20%7B%0A%20%20font-family%3A%20%27Jost%27%20%21important%3B%0A%20%20font-weight%3A%20500%20%21important%3B%0A%7D%0A.jost_font_semi%20%7B%0A%20%20font-family%3A%20%27Jost%27%20%21important%3B%0A%20%20font-weight%3A%20600%20%21important%3B%0A%7D%0A.jost_font_bold%20%7B%0A%20%20font-family%3A%20%27Jost%27%20%21important%3B%0A%20%20font-weight%3A%20700%20%21important%3B%0A%7D\");\n\t\t\t\t\tvar htmlDiv = document.getElementById('rs-plugin-settings-inline-css');\n\t\t\t\t\tif(htmlDiv) {\n\t\t\t\t\t\thtmlDiv.innerHTML = htmlDiv.innerHTML + htmlDivCss;\n\t\t\t\t\t}else{\n\t\t\t\t\t\tvar htmlDiv = document.createElement('div');\n\t\t\t\t\t\thtmlDiv.innerHTML = '<style>' + htmlDivCss + '<\/style>';\n\t\t\t\t\t\tdocument.getElementsByTagName('head')[0].appendChild(htmlDiv.childNodes[0]);\n\t\t\t\t\t}\n\t\t\t\t<\/script>\n\t\t\t\t<script>\n\t\t\t\t\tvar htmlDivCss = ' #rev_slider_7_1_wrapper rs-loader.spinner2{ background-color: #FFFFFF !important; } ';\n\t\t\t\t\tvar htmlDiv = document.getElementById('rs-plugin-settings-inline-css');\n\t\t\t\t\tif(htmlDiv) {\n\t\t\t\t\t\thtmlDiv.innerHTML = htmlDiv.innerHTML + htmlDivCss;\n\t\t\t\t\t}else{\n\t\t\t\t\t\tvar htmlDiv = document.createElement('div');\n\t\t\t\t\t\thtmlDiv.innerHTML = '<style>' + htmlDivCss + '<\/style>';\n\t\t\t\t\t\tdocument.getElementsByTagName('head')[0].appendChild(htmlDiv.childNodes[0]);\n\t\t\t\t\t}\n\t\t\t\t<\/script>\n\t\t\t\t<script>\n\t\t\t\t\tvar htmlDivCss = unescape(\"%23rev_slider_7_1_wrapper%20.goya.tparrows%20%7B%0A%09cursor%3Apointer%3B%0A%09background%3Argba%280%2C%200%2C%200%2C%200.4%29%3B%0A%09width%3A44px%3B%0A%09height%3A44px%3B%0A%09position%3Aabsolute%3B%0A%09display%3Ablock%3B%0A%09z-index%3A1000%3B%0A%20%20%20%20border-radius%3A%2050%25%3B%0A%7D%0A%23rev_slider_7_1_wrapper%20.goya.tparrows%3Ahover%20%7B%0A%09background%3Argba%280%2C%200%2C%200%2C%200.7%29%3B%0A%7D%0A%23rev_slider_7_1_wrapper%20.goya.tparrows%3Abefore%20%7B%0A%09font-family%3A%20%27revicons%27%3B%0A%09font-size%3A20px%3B%0A%09color%3A%23ffffff%3B%0A%09display%3Ablock%3B%0A%09line-height%3A%2044px%3B%0A%09text-align%3A%20center%3B%0A%7D%0A%23rev_slider_7_1_wrapper%20.goya.tparrows.tp-leftarrow%3Abefore%20%7B%0A%09content%3A%20%27%5Ce824%27%3B%0A%20%20%20%20margin-left%3A-3px%3B%0A%7D%0A%23rev_slider_7_1_wrapper%20.goya.tparrows.tp-rightarrow%3Abefore%20%7B%0A%09content%3A%20%27%5Ce825%27%3B%0A%20%20%20%20margin-right%3A-3px%3B%0A%7D%0A\");\n\t\t\t\t\tvar htmlDiv = document.getElementById('rs-plugin-settings-inline-css');\n\t\t\t\t\tif(htmlDiv) {\n\t\t\t\t\t\thtmlDiv.innerHTML = htmlDiv.innerHTML + htmlDivCss;\n\t\t\t\t\t}else{\n\t\t\t\t\t\tvar htmlDiv = document.createElement('div');\n\t\t\t\t\t\thtmlDiv.innerHTML = '<style>' + htmlDivCss + '<\/style>';\n\t\t\t\t\t\tdocument.getElementsByTagName('head')[0].appendChild(htmlDiv.childNodes[0]);\n\t\t\t\t\t}\n\t\t\t\t<\/script>\n\t\t\t\t<script>\n\t\t\t\t\tvar htmlDivCss = unescape(\"%0A%0A%0A\");\n\t\t\t\t\tvar htmlDiv = document.getElementById('rs-plugin-settings-inline-css');\n\t\t\t\t\tif(htmlDiv) {\n\t\t\t\t\t\thtmlDiv.innerHTML = htmlDiv.innerHTML + htmlDivCss;\n\t\t\t\t\t}else{\n\t\t\t\t\t\tvar htmlDiv = document.createElement('div');\n\t\t\t\t\t\thtmlDiv.innerHTML = '<style>' + htmlDivCss + '<\/style>';\n\t\t\t\t\t\tdocument.getElementsByTagName('head')[0].appendChild(htmlDiv.childNodes[0]);\n\t\t\t\t\t}\n\t\t\t\t<\/script>\n\t\t\t<\/rs-module-wrap>\n\t\t\t<!-- END REVOLUTION SLIDER -->\n[vc_empty_space height=\u00a0\u00bb40px\u00a0\u00bb][vc_row_inner el_class=\u00a0\u00bbalign-center\u00a0\u00bb][vc_column_inner fixed=\u00a0\u00bbet-fixed\u00a0\u00bb el_class=\u00a0\u00bbtext-center\u00a0\u00bb offset=\u00a0\u00bbvc_col-lg-6 vc_col-md-9&Prime;][vc_column_text]\n<h2>Les trouvailles de Daphn\u00e9<\/h2>\n<p style=\"text-align: center;\">D\u00e9couvrez l&rsquo;<strong>univers des cr\u00e9ations de Daphn\u00e9 by BdM<\/strong>,<br \/>\nla <strong>boutique d&rsquo;objets d\u00e9co<\/strong> pour faire vibrer votre int\u00e9rieur<\/p>\n<p><strong>Laissez-vous fa\u00e7onner par le bois <\/strong>pour retrouver votre essentiel<\/p>\n<p>Coffrets au mille essences, dessous de plats en marqueterie..<br \/>\nSuccombez aux charmes des cr\u00e9ations de cette nymphe[\/vc_column_text][vc_empty_space height=\u00a0\u00bb10px\u00a0\u00bb][vc_btn title=\u00a0\u00bbBoutique de Daphn\u00e9\u00a0\u00bb color=\u00a0\u00bbsuccess\u00a0\u00bb size=\u00a0\u00bblg\u00a0\u00bb align=\u00a0\u00bbcenter\u00a0\u00bb css_animation=\u00a0\u00bbflipInX\u00a0\u00bb link=\u00a0\u00bburl:https%3A%2F%2Fwww.daphneboutique.fr%2Findex.php%2Fshop-2%2F|title:Boutique\u00a0\u00bb][\/vc_column_inner][\/vc_row_inner][\/vc_column][\/vc_row][vc_row css=\u00a0\u00bb.vc_custom_1579117855735{padding-bottom: 40px !important;}\u00a0\u00bb][vc_column animation=\u00a0\u00bbanimation bottom-to-top\u00a0\u00bb]<div class=\"woocommerce columns-4\">\n<ul class=\"products row et-main-products et-shop-hover-images\" data-columns=\"4\" data-autoplay=\"false\" data-navigation=\"true\" data-pagination=\"true\">\n<li class=\"product-category product first\">\n\t<div class=\"et-category-inner\"><a href=\"https:\/\/www.daphneboutique.fr\/index.php\/product-category\/bancs-personnalises\/\" style=\"background-image:url(https:\/\/www.daphneboutique.fr\/wp-content\/uploads\/2021\/05\/img_5399-768x1024.jpeg)\"><div class=\"category-caption\"><\/div><\/div><\/li>\n\n<li class=\"product-category product\">\n\t<div class=\"et-category-inner\"><a href=\"https:\/\/www.daphneboutique.fr\/index.php\/product-category\/creations-des-ateliers-bdm\/\" style=\"background-image:url(https:\/\/www.daphneboutique.fr\/wp-content\/uploads\/2023\/03\/IMG_9629-768x1024.jpg)\"><div class=\"category-caption\"><\/div><\/div><\/li>\n\n<li class=\"product-category product\">\n\t<div class=\"et-category-inner\"><a href=\"https:\/\/www.daphneboutique.fr\/index.php\/product-category\/gravures-supplementaires\/\" style=\"background-image:url(https:\/\/www.daphneboutique.fr\/wp-content\/uploads\/2021\/06\/img_6561-1-768x1024.jpeg)\"><div class=\"category-caption\"><\/div><\/div><\/li>\n\n<li class=\"product-category product last\">\n\t<div class=\"et-category-inner\"><a href=\"https:\/\/www.daphneboutique.fr\/index.php\/product-category\/immersion-au-coeur-de-la-main\/\" style=\"background-image:url(https:\/\/www.daphneboutique.fr\/wp-content\/uploads\/2021\/01\/IMG_8890-768x638.jpg)\"><div class=\"category-caption\"><\/div><\/div><\/li>\n\n<li class=\"product-category product first\">\n\t<div class=\"et-category-inner\"><a href=\"https:\/\/www.daphneboutique.fr\/index.php\/product-category\/planches\/\" style=\"background-image:url(https:\/\/www.daphneboutique.fr\/wp-content\/uploads\/2021\/09\/img_8019-768x576.jpeg)\"><div class=\"category-caption\"><\/div><\/div><\/li>\n\n<li class=\"product-category product\">\n\t<div class=\"et-category-inner\"><a href=\"https:\/\/www.daphneboutique.fr\/index.php\/product-category\/porte-couteaux\/\" style=\"background-image:url(https:\/\/www.daphneboutique.fr\/wp-content\/uploads\/2022\/10\/img_2748-768x1024.jpeg)\"><div class=\"category-caption\"><\/div><\/div><\/li>\n\n<li class=\"product-category product\">\n\t<div class=\"et-category-inner\"><a href=\"https:\/\/www.daphneboutique.fr\/index.php\/product-category\/ustensiles-bien-penses\/\" style=\"background-image:url(https:\/\/www.daphneboutique.fr\/wp-content\/uploads\/2022\/11\/img_2718-768x576.jpeg)\"><div class=\"category-caption\"><\/div><\/div><\/li>\n<\/ul>\n<\/div>[vc_empty_space height=\u00a0\u00bb20px\u00a0\u00bb][\/vc_column][\/vc_row][vc_row css=\u00a0\u00bb.vc_custom_1579117433533{padding-top: 60px !important;padding-bottom: 60px !important;}\u00a0\u00bb][vc_column animation=\u00a0\u00bbanimation bottom-to-top\u00a0\u00bb][vc_row_inner el_class=\u00a0\u00bbalign-center\u00a0\u00bb][vc_column_inner el_class=\u00a0\u00bbtext-center\u00a0\u00bb offset=\u00a0\u00bbvc_col-lg-6 vc_col-md-9&Prime;][vc_column_text]Le laurier r\u00e9v\u00e8le toute la beaut\u00e9 de Daphn\u00e9. C&rsquo;est \u00e0 travers cet arbre sacr\u00e9 que nous souhaitons vous faire <strong>partager la m\u00eame beaut\u00e9 des essences de bois qui nous entourent<\/strong>.<br \/>\nLeurs odeurs, leurs couleurs, leurs douceurs !<\/p>\n<p>Ces <strong>objets propos\u00e9s par Daphn\u00e9 by BdM s&rsquo;inscrivent dans le temps<\/strong>,<br \/>\ncomme les feuilles du laurier qui ne tombent pas en hiver.<\/p>\n<p>Bon voyage dans l&rsquo;univers de cette nymphe en esp\u00e9rant que son histoire, celle de cet arbre,<br \/>\nde ces essences vous apporteront un peu de lumi\u00e8re et de po\u00e9sie.[\/vc_column_text][\/vc_column_inner][\/vc_row_inner][\/vc_column][\/vc_row]\n","protected":false},"excerpt":{"rendered":"<p>[vc_row et_row_padding=\u00a0\u00bbtrue\u00a0\u00bb et_column_align=\u00a0\u00bbalign-center\u00a0\u00bb parallax=\u00a0\u00bbcontent-moving\u00a0\u00bb css=\u00a0\u00bb.vc_custom_1612986850824{margin-right: 50px !important;margin-bottom: 40px !important;margin-left: 50px !important;border-right-width: 50px !important;border-left-width: 50px !important;}\u00a0\u00bb][vc_column css=\u00a0\u00bb.vc_custom_1611408665615{margin-bottom: 100px !important;}\u00a0\u00bb][vc_empty_space height=\u00a0\u00bb40px\u00a0\u00bb][vc_row_inner el_class=\u00a0\u00bbalign-center\u00a0\u00bb][vc_column_inner fixed=\u00a0\u00bbet-fixed\u00a0\u00bb el_class=\u00a0\u00bbtext-center\u00a0\u00bb offset=\u00a0\u00bbvc_col-lg-6 vc_col-md-9&Prime;][vc_column_text] Les trouvailles de Daphn\u00e9 D\u00e9couvrez l&rsquo;univers des cr\u00e9ations de Daphn\u00e9 by BdM, la boutique d&rsquo;objets d\u00e9co pour faire vibrer votre int\u00e9rieur Laissez-vous fa\u00e7onner par le bois&hellip;<\/p>\n","protected":false},"author":1,"featured_media":0,"parent":0,"menu_order":0,"comment_status":"closed","ping_status":"closed","template":"","meta":[],"_links":{"self":[{"href":"https:\/\/www.daphneboutique.fr\/index.php\/wp-json\/wp\/v2\/pages\/81"}],"collection":[{"href":"https:\/\/www.daphneboutique.fr\/index.php\/wp-json\/wp\/v2\/pages"}],"about":[{"href":"https:\/\/www.daphneboutique.fr\/index.php\/wp-json\/wp\/v2\/types\/page"}],"author":[{"embeddable":true,"href":"https:\/\/www.daphneboutique.fr\/index.php\/wp-json\/wp\/v2\/users\/1"}],"replies":[{"embeddable":true,"href":"https:\/\/www.daphneboutique.fr\/index.php\/wp-json\/wp\/v2\/comments?post=81"}],"version-history":[{"count":55,"href":"https:\/\/www.daphneboutique.fr\/index.php\/wp-json\/wp\/v2\/pages\/81\/revisions"}],"predecessor-version":[{"id":2916,"href":"https:\/\/www.daphneboutique.fr\/index.php\/wp-json\/wp\/v2\/pages\/81\/revisions\/2916"}],"wp:attachment":[{"href":"https:\/\/www.daphneboutique.fr\/index.php\/wp-json\/wp\/v2\/media?parent=81"}],"curies":[{"name":"wp","href":"https:\/\/api.w.org\/{rel}","templated":true}]}}