{"id":340,"date":"2019-07-24T01:37:17","date_gmt":"2019-07-24T01:37:17","guid":{"rendered":"https:\/\/goya.everthemes.com\/demo-decor\/?page_id=340"},"modified":"2021-06-04T13:05:04","modified_gmt":"2021-06-04T11:05:04","slug":"about-us","status":"publish","type":"page","link":"https:\/\/www.daphneboutique.fr\/index.php\/about-us\/","title":{"rendered":"Univers"},"content":{"rendered":"[vc_row et_full_width=\u00a0\u00bbtrue\u00a0\u00bb et_row_padding=\u00a0\u00bbtrue\u00a0\u00bb et_column_align=\u00a0\u00bbalign-center\u00a0\u00bb parallax=\u00a0\u00bbcontent-moving\u00a0\u00bb][vc_column et_column_color=\u00a0\u00bbet-light-column\u00a0\u00bb]\r\n\t\t<div class=\"et-banner-69de2e051cdeb et-banner content-full  height_80 image-type-css has-alt-image text-color-light hover-effect hover-zoom \"><div class=\"et-banner-image vh-height\" style=\"background-image: url(https:\/\/www.daphneboutique.fr\/wp-content\/uploads\/2021\/02\/IMG_1045-scaled.jpg);\"><\/div><div class=\"et-banner-image vh-height et-banner-alt-image\" style=\"background-image: url(https:\/\/www.daphneboutique.fr\/wp-content\/uploads\/2021\/02\/img_1103-scaled.jpeg);\"><\/div>\r\n\t\t\t<div class=\"et-banner-content\">\r\n\t\t\t\t<div class=\"et-banner-content-inner container\">\r\n\t\t\t\t\t<div class=\"et-banner-text h_center v_center align_center\">\r\n\t\t\t\t\t\t<div class=\"et-banner-text-inner animated\" data-animate=\"et-fadeInUp\"><h2 class=\"et-banner-title color- xlarge\">Notre Univers<\/h2><h4 class=\"et-banner-subtitle  color- text_style\">Daphn\u00e9 by BdM<\/h4><div class=\"et-banner-paragraph\">Le laurier r\u00e9v\u00e8le toute la beaut\u00e9 de Daphn\u00e9. C'est \u00e0 travers cet arbre sacr\u00e9 que nous souhaitons vous faire partager la m\u00eame beaut\u00e9 des essences de bois qui nous entourent. Leurs odeurs, leurs couleurs !<\/div><\/div>\r\n\t\t\t\t\t<\/div>\r\n\t\t\t\t<\/div>\r\n\t\t\t<\/div>\r\n\t\t<\/div>[\/vc_column][\/vc_row][vc_row et_column_align=\u00a0\u00bbalign-center\u00a0\u00bb css=\u00a0\u00bb.vc_custom_1579121915525{padding-top: 60px !important;padding-bottom: 40px !important;}\u00a0\u00bb][vc_column animation=\u00a0\u00bbanimation bottom-to-top\u00a0\u00bb offset=\u00a0\u00bbvc_col-lg-8&Prime;][vc_row_inner et_column_align=\u00a0\u00bbalign-center\u00a0\u00bb][vc_column_inner][vc_column_text]\n<h2>La naissance de Daphn\u00e9<\/h2>\n[\/vc_column_text][vc_column_text]Provenant de l&rsquo;univers d&rsquo;Hediard et apr\u00e8s avoir travaill\u00e9 10 ans dans la finance, Laure de Maistre a toujours eu envie de lancer sa boutique d\u00e9co, de cr\u00e9er cet univers pour vous proposer de <strong>beaux objets remplis de charme, de sensualit\u00e9 et de simplicit\u00e9<\/strong>.<\/p>\n<p>Coffret aux mille essences, dessous de plats en marqueterie. Succombez aux charmes des cr\u00e9ations de celle qui <strong>s&rsquo;inspire de la beaut\u00e9 de l&rsquo;arbre n\u00e9 de la nymphe Daphn\u00e9. <\/strong><strong>Des mati\u00e8res, des odeurs, des douceurs qui \u00e9veillent les sens.<\/strong>[\/vc_column_text][\/vc_column_inner][\/vc_row_inner][vc_row_inner et_column_align=\u00a0\u00bbalign-center\u00a0\u00bb][vc_column_inner width=\u00a0\u00bb1\/3&Prime;][vc_column_text]\n<h4 class=\"vc_custom_heading\">Notre histoire<\/h4>\n[\/vc_column_text][\/vc_column_inner][vc_column_inner width=\u00a0\u00bb2\/3&Prime;][vc_column_text]Dans la mythologie grecque, Daphn\u00e9, \u0394\u03ac\u03c6\u03bd\u03b7 \/ <i>D\u00e1phn\u00ea<\/i>, signifie, laurier.<\/p>\n<p>Le mythe au sujet de cette nymphe d&rsquo;une grande beaut\u00e9, fille du dieu-fleuve <span class=\"green\">P\u00e9n\u00e9e<\/span> en Thessalie, a de nombreuses interpr\u00e9tations. Cependant la plus connue veut que le dieu Apollon et Daphn\u00e9 soient touch\u00e9s par deux fl\u00e8ches d\u00e9coch\u00e9es par Cupidon suite aux critiques que ce dernier aurait re\u00e7ues d&rsquo;Apollon sur ses talents d&rsquo;archers : l&rsquo;une en or pour Apollon pour lui montrer les pouvoirs de l&rsquo;amour et l&rsquo;autre en plomb pour Daphn\u00e9 qui lui inspire le d\u00e9go\u00fbt de l&rsquo;amour et la fait fuir d&rsquo;Apollon.<\/p>\n<p>Poursuivie par ce dernier, Daphn\u00e9 implore de l&rsquo;aide \u00e0 son p\u00e8re qui accepta de la m\u00e9tamorphoser en laurier.<\/p>\n<p><em><span class=\"citation\">\u00ab\u00a0La pri\u00e8re \u00e0 peine finie, une lourde torpeur saisit ses membres, sa poitrine d\u00e9licate s&rsquo;entoure d&rsquo;une \u00e9corce t\u00e9nue, ses cheveux deviennent feuillage, ses bras des branches, des racines immobiles collent au sol son pied, nagu\u00e8re si agile, une cime d&rsquo;arbre lui sert de t\u00eate\u00a0; ne subsiste que son seul \u00e9clat<sup id=\"cite_ref-5\" class=\"reference\"><\/sup>.\u00a0\u00bb<\/span><\/em><\/p>\n<p>Apollon d\u00e9clare alors : <em>\u00ab\u00a0Eh bien, puisque tu ne peux \u00eatre mon \u00e9pouse, au moins tu seras mon arbre\u00a0; toujours, tu serviras d&rsquo;ornement, \u00f4 laurier, \u00e0 mes cheveux, \u00e0 mes cithares, \u00e0 mes carquois<sup id=\"cite_ref-6\" class=\"reference\"><\/sup>. \u00bb<\/em> En entendant ces mots, Daphn\u00e9 plie ses branches et sa cime comme pour signifier son accord.<\/p>\n<p>D\u00e8s lors, Apollon voue un culte \u00e9ternel au laurier qui sut garder toute la beaut\u00e9 de cette nymphe. D\u00e9sol\u00e9 de cette m\u00e9tamorphose, ce dernier en fut r\u00e9duit \u00e0 cueillir une branche pour orner sa lyre et son carquois et<strong> il fit du laurier son arbre sacr\u00e9.<\/strong>[\/vc_column_text][\/vc_column_inner][\/vc_row_inner][vc_row_inner et_column_align=\u00a0\u00bbalign-center\u00a0\u00bb][vc_column_inner width=\u00a0\u00bb1\/3&Prime;][vc_column_text]\n<h4 class=\"vc_custom_heading\">Notre Vision<\/h4>\n[\/vc_column_text][\/vc_column_inner][vc_column_inner width=\u00a0\u00bb2\/3&Prime;][vc_column_text]Le laurier r\u00e9v\u00e8le donc toute la beaut\u00e9 de Daphn\u00e9. C&rsquo;est \u00e0 travers cet arbre sacr\u00e9 que nous souhaitons vous faire <strong>partager la m\u00eame beaut\u00e9 des essences de bois qui nous entourent<\/strong>. Leurs odeurs, leurs couleurs, leurs douceurs !<\/p>\n<p>Ces <strong>objets propos\u00e9s par Daphn\u00e9 by BdM s&rsquo;inscrivent dans le temps<\/strong>, comme les feuilles du laurier qui ne tombent pas en hiver.<\/p>\n<p>Bon voyage dans l&rsquo;univers de cette nymphe en esp\u00e9rant que son histoire, celle de cet arbre, de ces essences vous apporteront un peu de lumi\u00e8re et de po\u00e9sie.[\/vc_column_text][\/vc_column_inner][\/vc_row_inner][\/vc_column][\/vc_row][vc_row][vc_column][vc_row_inner][vc_column_inner animation=\u00a0\u00bbanimation bottom-to-top\u00a0\u00bb]\t<div id=\"et-image-286\" class=\"et-image aligncenter full   et_image_link\">\n\t\t<div class=\"et-image-inner animation bottom-to-top\">\n\t\t\t\t\t\t\t<div class=\"et-image-thumb \">\n\t\t\t\t\t<img width=\"768\" height=\"1024\" src=\"https:\/\/www.daphneboutique.fr\/wp-content\/uploads\/2021\/02\/img_0719-768x1024.jpeg\" class=\"attachment-large size-large\" alt=\"\" decoding=\"async\" loading=\"lazy\" srcset=\"https:\/\/www.daphneboutique.fr\/wp-content\/uploads\/2021\/02\/img_0719-768x1024.jpeg 768w, https:\/\/www.daphneboutique.fr\/wp-content\/uploads\/2021\/02\/img_0719-225x300.jpeg 225w, https:\/\/www.daphneboutique.fr\/wp-content\/uploads\/2021\/02\/img_0719-1152x1536.jpeg 1152w, https:\/\/www.daphneboutique.fr\/wp-content\/uploads\/2021\/02\/img_0719-1536x2048.jpeg 1536w, https:\/\/www.daphneboutique.fr\/wp-content\/uploads\/2021\/02\/img_0719-113x150.jpeg 113w, https:\/\/www.daphneboutique.fr\/wp-content\/uploads\/2021\/02\/img_0719-900x1200.jpeg 900w, https:\/\/www.daphneboutique.fr\/wp-content\/uploads\/2021\/02\/img_0719-scaled.jpeg 1920w\" sizes=\"(max-width: 768px) 100vw, 768px\" \/>\t\t\t\t<\/div>\n\t\t\t\t\t\t\t\t\t\t\t<\/div>\n\t<\/div>\n  [\/vc_column_inner][\/vc_row_inner][\/vc_column][\/vc_row][vc_row et_column_align=\u00a0\u00bbalign-center\u00a0\u00bb css=\u00a0\u00bb.vc_custom_1579121928936{padding-top: 60px !important;padding-bottom: 60px !important;}\u00a0\u00bb][vc_column offset=\u00a0\u00bbvc_col-lg-8&Prime;][vc_column_text]\n<h2>L&rsquo;\u00e9quipe<\/h2>\n[\/vc_column_text][vc_column_text]N\u00e9e de la collaboration de Laure et Bruno, l&rsquo;\u00e9quipe de Daphn\u00e9 s&rsquo;appuie sur l&rsquo;esprit et la technique d&rsquo;un atelier d&rsquo;\u00e9b\u00e9nisterie d&rsquo;art, les Ateliers BdM, et prend son envol pour vous proposer son univers.[\/vc_column_text][vc_row_inner][vc_column_inner width=\u00a0\u00bb1\/2&Prime;]  <div class=\"et-team-member animation bottom-to-top\">\n  \t<div class=\"et-team-member-image rounded\">\n\t  \t<figure style=\"background-image:url('https:\/\/www.daphneboutique.fr\/wp-content\/uploads\/2021\/02\/yeu-4-1024x681.jpg')\">\n\t\t \t\t<div class=\"overlay\">\n\t\t\t\t\t<div class=\"et-member-social\">\n\t\t\t\t\t\t\t\t\t\t\t\t\t<a href=\"https:\/\/www.facebook.com\/laure.demaistre\/\" class=\"facebook\" target=\"_blank\"><i class=\"et-icon et-facebook\"><\/i><\/a>\n\t\t\t\t\t\t\t\t\t\t\t\t\t\t\t\t\t\t\t<a href=\"#\" class=\"twitter\" target=\"_blank\"><i class=\"et-icon et-twitter\"><\/i><\/a>\n\t\t\t\t\t\t\t\t\t\t\t\t\t\t\t\t\t\t\t<a href=\"#\" class=\"pinterest\" target=\"_blank\"><i class=\"et-icon et-pinterest\"><\/i><\/a>\n\t\t\t\t\t\t\t\t\t\t\t\t\t\t\t\t\t<\/div>\n\t\t\t\t<\/div>\n\t  \t<\/figure>\n\t\t<\/div>\n\t\t<div class=\"et-member-information\">\n\t\t\t\t\t\t\t<h5>Laure de Maistre<\/h5>\n\t\t\t\t  \t\t  \t\t<p>Fondatrice de Daphn\u00e9<\/p>\n\t  \t  \t<\/div>\n\t<\/div>\n  [\/vc_column_inner][vc_column_inner width=\u00a0\u00bb1\/2&Prime;]  <div class=\"et-team-member animation bottom-to-top\">\n  \t<div class=\"et-team-member-image rounded\">\n\t  \t<figure style=\"background-image:url('https:\/\/www.daphneboutique.fr\/wp-content\/uploads\/2021\/02\/IMG_8023.jpg')\">\n\t\t \t\t<div class=\"overlay\">\n\t\t\t\t\t<div class=\"et-member-social\">\n\t\t\t\t\t\t\t\t\t\t\t\t\t<a href=\"https:\/\/www.facebook.com\/bruno.demaistre.9\/\" class=\"facebook\" target=\"_blank\"><i class=\"et-icon et-facebook\"><\/i><\/a>\n\t\t\t\t\t\t\t\t\t\t\t\t\t\t\t\t\t\t\t<a href=\"#\" class=\"twitter\" target=\"_blank\"><i class=\"et-icon et-twitter\"><\/i><\/a>\n\t\t\t\t\t\t\t\t\t\t\t\t\t\t\t\t\t\t\t<a href=\"#\" class=\"pinterest\" target=\"_blank\"><i class=\"et-icon et-pinterest\"><\/i><\/a>\n\t\t\t\t\t\t\t\t\t\t\t\t\t\t\t\t\t\t\t<a href=\"https:\/\/www.linkedin.com\/in\/demaistre\/\" class=\"linkedin\" target=\"_blank\"><i class=\"et-icon et-linkedin\"><\/i><\/a>\n\t\t\t\t\t\t\t\t\t\t\t<\/div>\n\t\t\t\t<\/div>\n\t  \t<\/figure>\n\t\t<\/div>\n\t\t<div class=\"et-member-information\">\n\t\t\t\t\t\t\t<h5>Bruno de Maistre<\/h5>\n\t\t\t\t  \t\t  \t\t<p>Eb\u00e9niste d&#039;art, Ateliers BdM<\/p>\n\t  \t  \t<\/div>\n\t<\/div>\n  [\/vc_column_inner][\/vc_row_inner][\/vc_column][\/vc_row]\n","protected":false},"excerpt":{"rendered":"<p>[vc_row et_full_width=\u00a0\u00bbtrue\u00a0\u00bb et_row_padding=\u00a0\u00bbtrue\u00a0\u00bb et_column_align=\u00a0\u00bbalign-center\u00a0\u00bb parallax=\u00a0\u00bbcontent-moving\u00a0\u00bb][vc_column et_column_color=\u00a0\u00bbet-light-column\u00a0\u00bb][\/vc_column][\/vc_row][vc_row et_column_align=\u00a0\u00bbalign-center\u00a0\u00bb css=\u00a0\u00bb.vc_custom_1579121915525{padding-top: 60px !important;padding-bottom: 40px !important;}\u00a0\u00bb][vc_column animation=\u00a0\u00bbanimation bottom-to-top\u00a0\u00bb offset=\u00a0\u00bbvc_col-lg-8&Prime;][vc_row_inner et_column_align=\u00a0\u00bbalign-center\u00a0\u00bb][vc_column_inner][vc_column_text] La naissance de Daphn\u00e9 [\/vc_column_text][vc_column_text]Provenant de l&rsquo;univers d&rsquo;Hediard et apr\u00e8s avoir travaill\u00e9 10 ans dans la finance, Laure de Maistre a toujours eu envie de lancer sa boutique d\u00e9co, de cr\u00e9er cet univers pour&hellip;<\/p>\n","protected":false},"author":1,"featured_media":0,"parent":0,"menu_order":0,"comment_status":"closed","ping_status":"closed","template":"","meta":[],"_links":{"self":[{"href":"https:\/\/www.daphneboutique.fr\/index.php\/wp-json\/wp\/v2\/pages\/340"}],"collection":[{"href":"https:\/\/www.daphneboutique.fr\/index.php\/wp-json\/wp\/v2\/pages"}],"about":[{"href":"https:\/\/www.daphneboutique.fr\/index.php\/wp-json\/wp\/v2\/types\/page"}],"author":[{"embeddable":true,"href":"https:\/\/www.daphneboutique.fr\/index.php\/wp-json\/wp\/v2\/users\/1"}],"replies":[{"embeddable":true,"href":"https:\/\/www.daphneboutique.fr\/index.php\/wp-json\/wp\/v2\/comments?post=340"}],"version-history":[{"count":37,"href":"https:\/\/www.daphneboutique.fr\/index.php\/wp-json\/wp\/v2\/pages\/340\/revisions"}],"predecessor-version":[{"id":2409,"href":"https:\/\/www.daphneboutique.fr\/index.php\/wp-json\/wp\/v2\/pages\/340\/revisions\/2409"}],"wp:attachment":[{"href":"https:\/\/www.daphneboutique.fr\/index.php\/wp-json\/wp\/v2\/media?parent=340"}],"curies":[{"name":"wp","href":"https:\/\/api.w.org\/{rel}","templated":true}]}}