{"id":2233,"date":"2021-05-04T15:11:06","date_gmt":"2021-05-04T13:11:06","guid":{"rendered":"https:\/\/www.daphneboutique.fr\/?page_id=2233"},"modified":"2022-04-21T11:49:06","modified_gmt":"2022-04-21T09:49:06","slug":"presse","status":"publish","type":"page","link":"https:\/\/www.daphneboutique.fr\/index.php\/presse\/","title":{"rendered":"Presse"},"content":{"rendered":"\n<p><strong>On parle de Daphn\u00e9 by BdM ! D\u00e9couvrez les derniers articles&#8230;<br \/><br \/>1\/. Daphn\u00e9 by BdM pr\u00e9sente au Le Salon Bois Construction 15-17 juillet 2021 au Grand Palais Eph\u00e9m\u00e8re \u00e0 Paris<\/strong><\/p>\r\n<p>Merci \u00e0 <a href=\"https:\/\/www.caracteres-paris.com\">Caract\u00e8res<\/a>, entreprise de gestion de projets au service des Maisons d&rsquo;Excellence, d&rsquo;avoir sollicit\u00e9 Daphn\u00e9 by BdM pour r\u00e9aliser 1500 porte-couteaux personnalis\u00e9s aux couleurs du Salon, grav\u00e9s au nom du m\u00e9c\u00e8ne.<br \/><br \/>15 essences fran\u00e7aises s\u00e9lectionn\u00e9es comme cadeau aux invit\u00e9s de 2 d\u00eeners de gala les 15 et 16 juillet au soir.<br \/>Un grand merci ! Production en cours aux Ateliers BdM&#8230;<\/p>\r\n<p>\n\n\n\n<\/p>\r\n<div class=\"wp-block-jetpack-tiled-gallery aligncenter is-style-rectangular\">\r\n<div class=\"tiled-gallery__gallery\">\r\n<div class=\"tiled-gallery__row\">\r\n<div class=\"tiled-gallery__col\" style=\"flex-basis: 62.95806255919831%;\">\r\n<figure class=\"tiled-gallery__item\"><img decoding=\"async\" srcset=\"https:\/\/i0.wp.com\/www.daphneboutique.fr\/wp-content\/uploads\/2021\/05\/IMG_5433-1-scaled.jpg?strip=info&#038;w=600&#038;ssl=1 600w,https:\/\/i0.wp.com\/www.daphneboutique.fr\/wp-content\/uploads\/2021\/05\/IMG_5433-1-scaled.jpg?strip=info&#038;w=900&#038;ssl=1 900w,https:\/\/i0.wp.com\/www.daphneboutique.fr\/wp-content\/uploads\/2021\/05\/IMG_5433-1-scaled.jpg?strip=info&#038;w=1200&#038;ssl=1 1200w,https:\/\/i0.wp.com\/www.daphneboutique.fr\/wp-content\/uploads\/2021\/05\/IMG_5433-1-scaled.jpg?strip=info&#038;w=1500&#038;ssl=1 1500w,https:\/\/i0.wp.com\/www.daphneboutique.fr\/wp-content\/uploads\/2021\/05\/IMG_5433-1-scaled.jpg?strip=info&#038;w=1800&#038;ssl=1 1800w,https:\/\/i0.wp.com\/www.daphneboutique.fr\/wp-content\/uploads\/2021\/05\/IMG_5433-1-scaled.jpg?strip=info&#038;w=1920&#038;ssl=1 1920w\" src=\"https:\/\/i0.wp.com\/www.daphneboutique.fr\/wp-content\/uploads\/2021\/05\/IMG_5433-1-scaled.jpg?ssl=1\" alt=\"\" data-height=\"2560\" data-id=\"2319\" data-link=\"https:\/\/www.daphneboutique.fr\/index.php\/presse\/img_5433-1\/\" data-url=\"https:\/\/www.daphneboutique.fr\/wp-content\/uploads\/2021\/05\/IMG_5433-1-scaled.jpg\" data-width=\"1920\" \/><\/figure>\r\n<\/div>\r\n<div class=\"tiled-gallery__col\" style=\"flex-basis: 37.041937440801696%;\">\r\n<figure class=\"tiled-gallery__item\"><img decoding=\"async\" srcset=\"https:\/\/i1.wp.com\/www.daphneboutique.fr\/wp-content\/uploads\/2021\/05\/IMG_5430-1-scaled.jpg?strip=info&#038;w=600&#038;ssl=1 600w,https:\/\/i1.wp.com\/www.daphneboutique.fr\/wp-content\/uploads\/2021\/05\/IMG_5430-1-scaled.jpg?strip=info&#038;w=900&#038;ssl=1 900w,https:\/\/i1.wp.com\/www.daphneboutique.fr\/wp-content\/uploads\/2021\/05\/IMG_5430-1-scaled.jpg?strip=info&#038;w=1200&#038;ssl=1 1200w,https:\/\/i1.wp.com\/www.daphneboutique.fr\/wp-content\/uploads\/2021\/05\/IMG_5430-1-scaled.jpg?strip=info&#038;w=1500&#038;ssl=1 1500w,https:\/\/i1.wp.com\/www.daphneboutique.fr\/wp-content\/uploads\/2021\/05\/IMG_5430-1-scaled.jpg?strip=info&#038;w=1800&#038;ssl=1 1800w,https:\/\/i1.wp.com\/www.daphneboutique.fr\/wp-content\/uploads\/2021\/05\/IMG_5430-1-scaled.jpg?strip=info&#038;w=2000&#038;ssl=1 2000w\" src=\"https:\/\/i1.wp.com\/www.daphneboutique.fr\/wp-content\/uploads\/2021\/05\/IMG_5430-1-scaled.jpg?ssl=1\" alt=\"\" data-height=\"1920\" data-id=\"2315\" data-link=\"https:\/\/www.daphneboutique.fr\/index.php\/presse\/img_5430-1\/\" data-url=\"https:\/\/www.daphneboutique.fr\/wp-content\/uploads\/2021\/05\/IMG_5430-1-scaled.jpg\" data-width=\"2560\" \/><\/figure>\r\n<figure class=\"tiled-gallery__item\"><img decoding=\"async\" srcset=\"https:\/\/i0.wp.com\/www.daphneboutique.fr\/wp-content\/uploads\/2021\/05\/IMG_5436-1-scaled.jpg?strip=info&#038;w=600&#038;ssl=1 600w,https:\/\/i0.wp.com\/www.daphneboutique.fr\/wp-content\/uploads\/2021\/05\/IMG_5436-1-scaled.jpg?strip=info&#038;w=900&#038;ssl=1 900w,https:\/\/i0.wp.com\/www.daphneboutique.fr\/wp-content\/uploads\/2021\/05\/IMG_5436-1-scaled.jpg?strip=info&#038;w=1200&#038;ssl=1 1200w,https:\/\/i0.wp.com\/www.daphneboutique.fr\/wp-content\/uploads\/2021\/05\/IMG_5436-1-scaled.jpg?strip=info&#038;w=1500&#038;ssl=1 1500w,https:\/\/i0.wp.com\/www.daphneboutique.fr\/wp-content\/uploads\/2021\/05\/IMG_5436-1-scaled.jpg?strip=info&#038;w=1800&#038;ssl=1 1800w,https:\/\/i0.wp.com\/www.daphneboutique.fr\/wp-content\/uploads\/2021\/05\/IMG_5436-1-scaled.jpg?strip=info&#038;w=2000&#038;ssl=1 2000w\" src=\"https:\/\/i0.wp.com\/www.daphneboutique.fr\/wp-content\/uploads\/2021\/05\/IMG_5436-1-scaled.jpg?ssl=1\" alt=\"\" data-height=\"1920\" data-id=\"2318\" data-link=\"https:\/\/www.daphneboutique.fr\/index.php\/presse\/img_5436-1\/\" data-url=\"https:\/\/www.daphneboutique.fr\/wp-content\/uploads\/2021\/05\/IMG_5436-1-scaled.jpg\" data-width=\"2560\" \/><\/figure>\r\n<figure class=\"tiled-gallery__item\"><img decoding=\"async\" srcset=\"https:\/\/i1.wp.com\/www.daphneboutique.fr\/wp-content\/uploads\/2021\/05\/IMG_5426-1-scaled.jpg?strip=info&#038;w=600&#038;ssl=1 600w,https:\/\/i1.wp.com\/www.daphneboutique.fr\/wp-content\/uploads\/2021\/05\/IMG_5426-1-scaled.jpg?strip=info&#038;w=900&#038;ssl=1 900w,https:\/\/i1.wp.com\/www.daphneboutique.fr\/wp-content\/uploads\/2021\/05\/IMG_5426-1-scaled.jpg?strip=info&#038;w=1200&#038;ssl=1 1200w,https:\/\/i1.wp.com\/www.daphneboutique.fr\/wp-content\/uploads\/2021\/05\/IMG_5426-1-scaled.jpg?strip=info&#038;w=1500&#038;ssl=1 1500w,https:\/\/i1.wp.com\/www.daphneboutique.fr\/wp-content\/uploads\/2021\/05\/IMG_5426-1-scaled.jpg?strip=info&#038;w=1800&#038;ssl=1 1800w,https:\/\/i1.wp.com\/www.daphneboutique.fr\/wp-content\/uploads\/2021\/05\/IMG_5426-1-scaled.jpg?strip=info&#038;w=2000&#038;ssl=1 2000w\" src=\"https:\/\/i1.wp.com\/www.daphneboutique.fr\/wp-content\/uploads\/2021\/05\/IMG_5426-1-scaled.jpg?ssl=1\" alt=\"\" data-height=\"1920\" data-id=\"2320\" data-link=\"https:\/\/www.daphneboutique.fr\/index.php\/presse\/img_5426-1\/\" data-url=\"https:\/\/www.daphneboutique.fr\/wp-content\/uploads\/2021\/05\/IMG_5426-1-scaled.jpg\" data-width=\"2560\" \/><\/figure>\r\n<\/div>\r\n<\/div>\r\n<div class=\"tiled-gallery__row\">\r\n<div class=\"tiled-gallery__col\" style=\"flex-basis: 63.96770025839793%;\">\r\n<figure class=\"tiled-gallery__item\"><img decoding=\"async\" srcset=\"https:\/\/i2.wp.com\/www.daphneboutique.fr\/wp-content\/uploads\/2021\/05\/IMG_5434-1-scaled.jpg?strip=info&#038;w=600&#038;ssl=1 600w,https:\/\/i2.wp.com\/www.daphneboutique.fr\/wp-content\/uploads\/2021\/05\/IMG_5434-1-scaled.jpg?strip=info&#038;w=900&#038;ssl=1 900w,https:\/\/i2.wp.com\/www.daphneboutique.fr\/wp-content\/uploads\/2021\/05\/IMG_5434-1-scaled.jpg?strip=info&#038;w=1200&#038;ssl=1 1200w,https:\/\/i2.wp.com\/www.daphneboutique.fr\/wp-content\/uploads\/2021\/05\/IMG_5434-1-scaled.jpg?strip=info&#038;w=1500&#038;ssl=1 1500w,https:\/\/i2.wp.com\/www.daphneboutique.fr\/wp-content\/uploads\/2021\/05\/IMG_5434-1-scaled.jpg?strip=info&#038;w=1800&#038;ssl=1 1800w,https:\/\/i2.wp.com\/www.daphneboutique.fr\/wp-content\/uploads\/2021\/05\/IMG_5434-1-scaled.jpg?strip=info&#038;w=2000&#038;ssl=1 2000w\" src=\"https:\/\/i2.wp.com\/www.daphneboutique.fr\/wp-content\/uploads\/2021\/05\/IMG_5434-1-scaled.jpg?ssl=1\" alt=\"\" data-height=\"1920\" data-id=\"2317\" data-link=\"https:\/\/www.daphneboutique.fr\/index.php\/presse\/img_5434-1\/\" data-url=\"https:\/\/www.daphneboutique.fr\/wp-content\/uploads\/2021\/05\/IMG_5434-1-scaled.jpg\" data-width=\"2560\" \/><\/figure>\r\n<\/div>\r\n<div class=\"tiled-gallery__col\" style=\"flex-basis: 36.03229974160207%;\">\r\n<figure class=\"tiled-gallery__item\"><img decoding=\"async\" srcset=\"https:\/\/i1.wp.com\/www.daphneboutique.fr\/wp-content\/uploads\/2021\/05\/IMG_5431-1-scaled.jpg?strip=info&#038;w=600&#038;ssl=1 600w,https:\/\/i1.wp.com\/www.daphneboutique.fr\/wp-content\/uploads\/2021\/05\/IMG_5431-1-scaled.jpg?strip=info&#038;w=900&#038;ssl=1 900w,https:\/\/i1.wp.com\/www.daphneboutique.fr\/wp-content\/uploads\/2021\/05\/IMG_5431-1-scaled.jpg?strip=info&#038;w=1200&#038;ssl=1 1200w,https:\/\/i1.wp.com\/www.daphneboutique.fr\/wp-content\/uploads\/2021\/05\/IMG_5431-1-scaled.jpg?strip=info&#038;w=1500&#038;ssl=1 1500w,https:\/\/i1.wp.com\/www.daphneboutique.fr\/wp-content\/uploads\/2021\/05\/IMG_5431-1-scaled.jpg?strip=info&#038;w=1800&#038;ssl=1 1800w,https:\/\/i1.wp.com\/www.daphneboutique.fr\/wp-content\/uploads\/2021\/05\/IMG_5431-1-scaled.jpg?strip=info&#038;w=1920&#038;ssl=1 1920w\" src=\"https:\/\/i1.wp.com\/www.daphneboutique.fr\/wp-content\/uploads\/2021\/05\/IMG_5431-1-scaled.jpg?ssl=1\" alt=\"\" data-height=\"2560\" data-id=\"2316\" data-link=\"https:\/\/www.daphneboutique.fr\/index.php\/presse\/img_5431-1\/\" data-url=\"https:\/\/www.daphneboutique.fr\/wp-content\/uploads\/2021\/05\/IMG_5431-1-scaled.jpg\" data-width=\"1920\" \/><\/figure>\r\n<\/div>\r\n<\/div>\r\n<\/div>\r\n<\/div>\r\n<p>\n\n\n\n<\/p>\r\n<p>&nbsp;<\/p>\r\n<p><strong>2\/.<\/strong> <strong>\u00ab\u00a0Ces cadeaux de communion auxquels vous n\u2019aviez pas pens\u00e9\u00a0\u00bb &#8211; Mathilde de Robien &#8211; 29\/042021 &#8211; Aleteia<\/strong><\/p>\r\n<p>\u00ab\u00a0Le cadeau id\u00e9al pour offrir une place de choix au c\u00f4t\u00e9 du Seigneur\u00a0! Dans une chambre, le salon ou au pied du coin pri\u00e8re, ce petit banc grav\u00e9 au pr\u00e9nom de l\u2019enfant, avec la date de sa premi\u00e8re communion et \u00e9ventuellement un verset biblique, invite au recueillement. Il est fabriqu\u00e9 en Vall\u00e9e de Chevreuse, en ch\u00eane massif de la for\u00eat de Rambouillet, par l\u2019\u00e9b\u00e9niste d\u2019art Bruno de Maistre, fondateur des\u00a0<a href=\"https:\/\/www.darimathie.fr\/\" target=\"_blank\" rel=\"noreferrer noopener\">Ateliers d\u2019Arimathie<\/a>\u00a0(art sacr\u00e9) et des\u00a0<a href=\"https:\/\/www.bdm.paris\/\" target=\"_blank\" rel=\"noreferrer noopener\">Ateliers BdM<\/a>\u00a0(meubles d\u2019exception). Les bancs sont personnalisables avec ou sans gravure, les gravures consistant en une croix (trois choix de croix), le pr\u00e9nom, une date ou un verset de la Bible.\u00a0\u00bb<br \/><em><a href=\"https:\/\/www.daphneboutique.fr\/index.php\/product\/norm-stone-lamp\/\" target=\"_blank\" rel=\"noreferrer noopener\">Banc personnalisable, Ateliers BdM<\/a>, \u00e0 partir de 50 euros (10 euros par gravure suppl\u00e9mentaire).<br \/><br \/><\/em><a href=\"https:\/\/fr.aleteia.org\/2021\/04\/29\/ces-cadeaux-de-communion-auxquels-vous-naviez-pas-pense\/\" data-type=\"URL\" data-id=\"https:\/\/fr.aleteia.org\/2021\/04\/29\/ces-cadeaux-de-communion-auxquels-vous-naviez-pas-pense\/\">https:\/\/fr.aleteia.org\/2021\/04\/29\/ces-cadeaux-de-communion-auxquels-vous-naviez-pas-pense\/<\/a><\/p>\r\n<p>\n\n\n\n<\/p>\r\n<p>\n\n\n\n<\/p>\r\n<p>\n\n\n\n<\/p>\r\n<div class=\"wp-block-jetpack-tiled-gallery aligncenter is-style-rectangular\">\r\n<div class=\"tiled-gallery__gallery\">\r\n<div class=\"tiled-gallery__row\">\r\n<div class=\"tiled-gallery__col\" style=\"flex-basis: 49.9958544182029%;\">\r\n<figure class=\"tiled-gallery__item\"><img decoding=\"async\" srcset=\"https:\/\/i0.wp.com\/www.daphneboutique.fr\/wp-content\/uploads\/2021\/05\/IMG_5087-1-1.jpg?strip=info&#038;w=600&#038;ssl=1 600w,https:\/\/i0.wp.com\/www.daphneboutique.fr\/wp-content\/uploads\/2021\/05\/IMG_5087-1-1.jpg?strip=info&#038;w=900&#038;ssl=1 900w,https:\/\/i0.wp.com\/www.daphneboutique.fr\/wp-content\/uploads\/2021\/05\/IMG_5087-1-1.jpg?strip=info&#038;w=1200&#038;ssl=1 1200w,https:\/\/i0.wp.com\/www.daphneboutique.fr\/wp-content\/uploads\/2021\/05\/IMG_5087-1-1.jpg?strip=info&#038;w=1500&#038;ssl=1 1500w,https:\/\/i0.wp.com\/www.daphneboutique.fr\/wp-content\/uploads\/2021\/05\/IMG_5087-1-1.jpg?strip=info&#038;w=1505&#038;ssl=1 1505w\" src=\"https:\/\/i0.wp.com\/www.daphneboutique.fr\/wp-content\/uploads\/2021\/05\/IMG_5087-1-1.jpg?ssl=1\" alt=\"\" data-height=\"2007\" data-id=\"2246\" data-link=\"https:\/\/www.daphneboutique.fr\/index.php\/presse\/img_5087-1-1\/\" data-url=\"https:\/\/www.daphneboutique.fr\/wp-content\/uploads\/2021\/05\/IMG_5087-1-1.jpg\" data-width=\"1505\" \/><\/figure>\r\n<\/div>\r\n<div class=\"tiled-gallery__col\" style=\"flex-basis: 50.00414558179709%;\">\r\n<figure class=\"tiled-gallery__item\"><img decoding=\"async\" srcset=\"https:\/\/i1.wp.com\/www.daphneboutique.fr\/wp-content\/uploads\/2021\/05\/IMG_5078-1.jpg?strip=info&#038;w=600&#038;ssl=1 600w,https:\/\/i1.wp.com\/www.daphneboutique.fr\/wp-content\/uploads\/2021\/05\/IMG_5078-1.jpg?strip=info&#038;w=900&#038;ssl=1 900w,https:\/\/i1.wp.com\/www.daphneboutique.fr\/wp-content\/uploads\/2021\/05\/IMG_5078-1.jpg?strip=info&#038;w=1200&#038;ssl=1 1200w,https:\/\/i1.wp.com\/www.daphneboutique.fr\/wp-content\/uploads\/2021\/05\/IMG_5078-1.jpg?strip=info&#038;w=1500&#038;ssl=1 1500w,https:\/\/i1.wp.com\/www.daphneboutique.fr\/wp-content\/uploads\/2021\/05\/IMG_5078-1.jpg?strip=info&#038;w=1512&#038;ssl=1 1512w\" src=\"https:\/\/i1.wp.com\/www.daphneboutique.fr\/wp-content\/uploads\/2021\/05\/IMG_5078-1.jpg?ssl=1\" alt=\"\" data-height=\"2016\" data-id=\"2245\" data-link=\"https:\/\/www.daphneboutique.fr\/index.php\/presse\/img_5078-1\/\" data-url=\"https:\/\/www.daphneboutique.fr\/wp-content\/uploads\/2021\/05\/IMG_5078-1.jpg\" data-width=\"1512\" \/><\/figure>\r\n<\/div>\r\n<\/div>\r\n<div class=\"tiled-gallery__row\">\r\n<div class=\"tiled-gallery__col\" style=\"flex-basis: 66.7651039744063%;\">\r\n<figure class=\"tiled-gallery__item\"><img decoding=\"async\" srcset=\"https:\/\/i1.wp.com\/www.daphneboutique.fr\/wp-content\/uploads\/2021\/05\/IMG_5092-1.jpg?strip=info&#038;w=600&#038;ssl=1 600w,https:\/\/i1.wp.com\/www.daphneboutique.fr\/wp-content\/uploads\/2021\/05\/IMG_5092-1.jpg?strip=info&#038;w=900&#038;ssl=1 900w,https:\/\/i1.wp.com\/www.daphneboutique.fr\/wp-content\/uploads\/2021\/05\/IMG_5092-1.jpg?strip=info&#038;w=1200&#038;ssl=1 1200w,https:\/\/i1.wp.com\/www.daphneboutique.fr\/wp-content\/uploads\/2021\/05\/IMG_5092-1.jpg?strip=info&#038;w=1500&#038;ssl=1 1500w,https:\/\/i1.wp.com\/www.daphneboutique.fr\/wp-content\/uploads\/2021\/05\/IMG_5092-1.jpg?strip=info&#038;w=1800&#038;ssl=1 1800w,https:\/\/i1.wp.com\/www.daphneboutique.fr\/wp-content\/uploads\/2021\/05\/IMG_5092-1.jpg?strip=info&#038;w=2000&#038;ssl=1 2000w\" src=\"https:\/\/i1.wp.com\/www.daphneboutique.fr\/wp-content\/uploads\/2021\/05\/IMG_5092-1.jpg?ssl=1\" alt=\"\" data-height=\"1512\" data-id=\"2247\" data-link=\"https:\/\/www.daphneboutique.fr\/index.php\/presse\/img_5092-1\/\" data-url=\"https:\/\/www.daphneboutique.fr\/wp-content\/uploads\/2021\/05\/IMG_5092-1.jpg\" data-width=\"2016\" \/><\/figure>\r\n<\/div>\r\n<div class=\"tiled-gallery__col\" style=\"flex-basis: 33.2348960255937%;\">\r\n<figure class=\"tiled-gallery__item\"><img decoding=\"async\" srcset=\"https:\/\/i2.wp.com\/www.daphneboutique.fr\/wp-content\/uploads\/2021\/05\/IMG_5066-1.jpg?strip=info&#038;w=600&#038;ssl=1 600w,https:\/\/i2.wp.com\/www.daphneboutique.fr\/wp-content\/uploads\/2021\/05\/IMG_5066-1.jpg?strip=info&#038;w=900&#038;ssl=1 900w,https:\/\/i2.wp.com\/www.daphneboutique.fr\/wp-content\/uploads\/2021\/05\/IMG_5066-1.jpg?strip=info&#038;w=1200&#038;ssl=1 1200w,https:\/\/i2.wp.com\/www.daphneboutique.fr\/wp-content\/uploads\/2021\/05\/IMG_5066-1.jpg?strip=info&#038;w=1500&#038;ssl=1 1500w,https:\/\/i2.wp.com\/www.daphneboutique.fr\/wp-content\/uploads\/2021\/05\/IMG_5066-1.jpg?strip=info&#038;w=1800&#038;ssl=1 1800w,https:\/\/i2.wp.com\/www.daphneboutique.fr\/wp-content\/uploads\/2021\/05\/IMG_5066-1.jpg?strip=info&#038;w=2000&#038;ssl=1 2000w\" src=\"https:\/\/i2.wp.com\/www.daphneboutique.fr\/wp-content\/uploads\/2021\/05\/IMG_5066-1.jpg?ssl=1\" alt=\"\" data-height=\"1512\" data-id=\"2248\" data-link=\"https:\/\/www.daphneboutique.fr\/index.php\/presse\/img_5066-1\/\" data-url=\"https:\/\/www.daphneboutique.fr\/wp-content\/uploads\/2021\/05\/IMG_5066-1.jpg\" data-width=\"2016\" \/><\/figure>\r\n<figure class=\"tiled-gallery__item\"><img decoding=\"async\" srcset=\"https:\/\/i0.wp.com\/www.daphneboutique.fr\/wp-content\/uploads\/2021\/05\/IMG_2115.jpg?strip=info&#038;w=600&#038;ssl=1 600w,https:\/\/i0.wp.com\/www.daphneboutique.fr\/wp-content\/uploads\/2021\/05\/IMG_2115.jpg?strip=info&#038;w=900&#038;ssl=1 900w,https:\/\/i0.wp.com\/www.daphneboutique.fr\/wp-content\/uploads\/2021\/05\/IMG_2115.jpg?strip=info&#038;w=1200&#038;ssl=1 1200w,https:\/\/i0.wp.com\/www.daphneboutique.fr\/wp-content\/uploads\/2021\/05\/IMG_2115.jpg?strip=info&#038;w=1500&#038;ssl=1 1500w,https:\/\/i0.wp.com\/www.daphneboutique.fr\/wp-content\/uploads\/2021\/05\/IMG_2115.jpg?strip=info&#038;w=1800&#038;ssl=1 1800w,https:\/\/i0.wp.com\/www.daphneboutique.fr\/wp-content\/uploads\/2021\/05\/IMG_2115.jpg?strip=info&#038;w=2000&#038;ssl=1 2000w\" src=\"https:\/\/i0.wp.com\/www.daphneboutique.fr\/wp-content\/uploads\/2021\/05\/IMG_2115.jpg?ssl=1\" alt=\"\" data-height=\"1512\" data-id=\"2249\" data-link=\"https:\/\/www.daphneboutique.fr\/index.php\/presse\/img_2115-2\/\" data-url=\"https:\/\/www.daphneboutique.fr\/wp-content\/uploads\/2021\/05\/IMG_2115.jpg\" data-width=\"2016\" \/><\/figure>\r\n<\/div>\r\n<\/div>\r\n<div class=\"tiled-gallery__row\">\r\n<div class=\"tiled-gallery__col\" style=\"flex-basis: 39.002761273441436%;\">\r\n<figure class=\"tiled-gallery__item\"><img decoding=\"async\" srcset=\"https:\/\/i2.wp.com\/www.daphneboutique.fr\/wp-content\/uploads\/2021\/05\/IMG_2232-scaled.jpg?strip=info&#038;w=600&#038;ssl=1 600w,https:\/\/i2.wp.com\/www.daphneboutique.fr\/wp-content\/uploads\/2021\/05\/IMG_2232-scaled.jpg?strip=info&#038;w=900&#038;ssl=1 900w,https:\/\/i2.wp.com\/www.daphneboutique.fr\/wp-content\/uploads\/2021\/05\/IMG_2232-scaled.jpg?strip=info&#038;w=1200&#038;ssl=1 1200w,https:\/\/i2.wp.com\/www.daphneboutique.fr\/wp-content\/uploads\/2021\/05\/IMG_2232-scaled.jpg?strip=info&#038;w=1500&#038;ssl=1 1500w,https:\/\/i2.wp.com\/www.daphneboutique.fr\/wp-content\/uploads\/2021\/05\/IMG_2232-scaled.jpg?strip=info&#038;w=1800&#038;ssl=1 1800w,https:\/\/i2.wp.com\/www.daphneboutique.fr\/wp-content\/uploads\/2021\/05\/IMG_2232-scaled.jpg?strip=info&#038;w=2000&#038;ssl=1 2000w\" src=\"https:\/\/i2.wp.com\/www.daphneboutique.fr\/wp-content\/uploads\/2021\/05\/IMG_2232-scaled.jpg?ssl=1\" alt=\"\" data-height=\"1920\" data-id=\"2250\" data-link=\"https:\/\/www.daphneboutique.fr\/index.php\/presse\/img_2232-2\/\" data-url=\"https:\/\/www.daphneboutique.fr\/wp-content\/uploads\/2021\/05\/IMG_2232-scaled.jpg\" data-width=\"2560\" \/><\/figure>\r\n<\/div>\r\n<div class=\"tiled-gallery__col\" style=\"flex-basis: 21.99447745311713%;\">\r\n<figure class=\"tiled-gallery__item\"><img decoding=\"async\" srcset=\"https:\/\/i1.wp.com\/www.daphneboutique.fr\/wp-content\/uploads\/2021\/05\/IMG_9002.jpg?strip=info&#038;w=600&#038;ssl=1 600w,https:\/\/i1.wp.com\/www.daphneboutique.fr\/wp-content\/uploads\/2021\/05\/IMG_9002.jpg?strip=info&#038;w=720&#038;ssl=1 720w\" src=\"https:\/\/i1.wp.com\/www.daphneboutique.fr\/wp-content\/uploads\/2021\/05\/IMG_9002.jpg?ssl=1\" alt=\"\" data-height=\"960\" data-id=\"2251\" data-link=\"https:\/\/www.daphneboutique.fr\/index.php\/presse\/img_9002-2\/\" data-url=\"https:\/\/www.daphneboutique.fr\/wp-content\/uploads\/2021\/05\/IMG_9002.jpg\" data-width=\"720\" \/><\/figure>\r\n<\/div>\r\n<div class=\"tiled-gallery__col\" style=\"flex-basis: 39.002761273441436%;\">\r\n<figure class=\"tiled-gallery__item\"><img decoding=\"async\" srcset=\"https:\/\/i2.wp.com\/www.daphneboutique.fr\/wp-content\/uploads\/2021\/05\/IMG_2053.jpg?strip=info&#038;w=600&#038;ssl=1 600w,https:\/\/i2.wp.com\/www.daphneboutique.fr\/wp-content\/uploads\/2021\/05\/IMG_2053.jpg?strip=info&#038;w=900&#038;ssl=1 900w,https:\/\/i2.wp.com\/www.daphneboutique.fr\/wp-content\/uploads\/2021\/05\/IMG_2053.jpg?strip=info&#038;w=1200&#038;ssl=1 1200w,https:\/\/i2.wp.com\/www.daphneboutique.fr\/wp-content\/uploads\/2021\/05\/IMG_2053.jpg?strip=info&#038;w=1500&#038;ssl=1 1500w,https:\/\/i2.wp.com\/www.daphneboutique.fr\/wp-content\/uploads\/2021\/05\/IMG_2053.jpg?strip=info&#038;w=1800&#038;ssl=1 1800w,https:\/\/i2.wp.com\/www.daphneboutique.fr\/wp-content\/uploads\/2021\/05\/IMG_2053.jpg?strip=info&#038;w=2000&#038;ssl=1 2000w\" src=\"https:\/\/i2.wp.com\/www.daphneboutique.fr\/wp-content\/uploads\/2021\/05\/IMG_2053.jpg?ssl=1\" alt=\"\" data-height=\"1512\" data-id=\"2252\" data-link=\"https:\/\/www.daphneboutique.fr\/index.php\/presse\/img_2053-2\/\" data-url=\"https:\/\/www.daphneboutique.fr\/wp-content\/uploads\/2021\/05\/IMG_2053.jpg\" data-width=\"2016\" \/><\/figure>\r\n<\/div>\r\n<\/div>\r\n<\/div>\r\n<\/div>\r\n<p>\n\n\n<p><\/p>\n<p>&nbsp;<\/p>\n<p>&nbsp;<\/p>","protected":false},"excerpt":{"rendered":"<p>On parle de Daphn\u00e9 by BdM ! D\u00e9couvrez les derniers articles&#8230; 1\/. Daphn\u00e9 by BdM pr\u00e9sente au Le Salon Bois Construction 15-17 juillet 2021 au Grand Palais Eph\u00e9m\u00e8re \u00e0 Paris Merci \u00e0 Caract\u00e8res, entreprise de gestion de projets au service des Maisons d&rsquo;Excellence, d&rsquo;avoir sollicit\u00e9 Daphn\u00e9 by BdM pour r\u00e9aliser&hellip;<\/p>\n","protected":false},"author":1,"featured_media":0,"parent":0,"menu_order":0,"comment_status":"closed","ping_status":"closed","template":"","meta":[],"_links":{"self":[{"href":"https:\/\/www.daphneboutique.fr\/index.php\/wp-json\/wp\/v2\/pages\/2233"}],"collection":[{"href":"https:\/\/www.daphneboutique.fr\/index.php\/wp-json\/wp\/v2\/pages"}],"about":[{"href":"https:\/\/www.daphneboutique.fr\/index.php\/wp-json\/wp\/v2\/types\/page"}],"author":[{"embeddable":true,"href":"https:\/\/www.daphneboutique.fr\/index.php\/wp-json\/wp\/v2\/users\/1"}],"replies":[{"embeddable":true,"href":"https:\/\/www.daphneboutique.fr\/index.php\/wp-json\/wp\/v2\/comments?post=2233"}],"version-history":[{"count":13,"href":"https:\/\/www.daphneboutique.fr\/index.php\/wp-json\/wp\/v2\/pages\/2233\/revisions"}],"predecessor-version":[{"id":2497,"href":"https:\/\/www.daphneboutique.fr\/index.php\/wp-json\/wp\/v2\/pages\/2233\/revisions\/2497"}],"wp:attachment":[{"href":"https:\/\/www.daphneboutique.fr\/index.php\/wp-json\/wp\/v2\/media?parent=2233"}],"curies":[{"name":"wp","href":"https:\/\/api.w.org\/{rel}","templated":true}]}}