{"id":2184,"date":"2021-04-22T23:53:04","date_gmt":"2021-04-22T21:53:04","guid":{"rendered":"https:\/\/www.daphneboutique.fr\/?page_id=2184"},"modified":"2021-06-04T12:59:39","modified_gmt":"2021-06-04T10:59:39","slug":"entreprises","status":"publish","type":"page","link":"https:\/\/www.daphneboutique.fr\/index.php\/entreprises\/","title":{"rendered":"Entreprises"},"content":{"rendered":"<div class=\"text-size-5 strong\" style=\"text-align: center;\"><strong>Marquez les esprits !<\/strong><\/div>\n<div>\u00a0<\/div>\n<div class=\"text-size-5 mt-2\">Un \u00e9v\u00e9nement promotionnel en vue ? <strong>Distribuez nos porte-couteaux personnalis\u00e9s au pr\u00e9noms des participants<\/strong> pour que leurs noms &amp; votre marque reste grav\u00e9s dans les esprits. Personnalisez-les avec le nom de votre entreprise, votre slogan, votre logo pour les transformer en v\u00e9ritable carte de visite.<\/div>\n<div>\u00a0<\/div>\n<div>\u00a0<\/div>\n<div class=\"text-size-5 mt-2\"><strong>Des produits pour toute occasion<br \/><\/strong>Contactez-nous aussi pour des devis avec des objets personnalis\u00e9s qui vous permettront de mettre votre entreprise en avant.<br \/>Nous proposons de nombreuses options pour votre \u00e9quipe et votre entreprise.<\/div>\n<div>\u00a0<\/div>\n<div class=\"text-size-5 mt-2\"><strong>Petites quantit\u00e9s<br \/><\/strong>Recevez les produits que vous voulez dans la quantit\u00e9 d\u00e9sir\u00e9e. Beaucoup de nos produits peuvent \u00eatre command\u00e9s \u00e0 l\u2019unit\u00e9.<br \/>Et plus vous commandez, plus vous \u00e9conomisez.<\/div>\n<div>\u00a0<\/div>\n<div class=\"text-size-5 mt-2\"><strong>Personnalisation facile<\/strong><\/div>\n<div class=\"mb-9\">\n<div class=\"text-size-6 strong\">Envoyez-nous votre logo, choisissez votre texte. Notre studio de conception donnera vie \u00e0 votre id\u00e9e.<\/div>\n<div>\u00a0<\/div>\n<div class=\"text-size-6 strong\"><strong>Satisfaction garantie<\/strong><\/div>\n<\/div>\n<div class=\"mb-0\">\n<div class=\"text-size-6 strong\">Nous ferons tout ce qui est en notre pouvoir pour que votre exp\u00e9rience sur notre site soit positive. Si vous n&rsquo;\u00eates pas enti\u00e8rement satisfait de votre commande, contactez-nous.<br \/>Nous nous engageons \u00e0 rectifier la situation.<\/div>\n<div>\u00a0<\/div>\n<div class=\"text-size-6 strong\"><b>Fa\u00eetes-nous part de vos projets, de vos id\u00e9es, \u00e0 tr\u00e8s bient\u00f4t<\/b><\/div>\n<\/div>\n<div><b>laure@bdm.paris<\/b><\/div>\n<div>\u00a0<\/div>\n<div>\u00a0<\/div>\n\n\n<div class=\"wp-block-jetpack-tiled-gallery aligncenter is-style-rectangular\"><div class=\"tiled-gallery__gallery\"><div class=\"tiled-gallery__row\"><div class=\"tiled-gallery__col\" style=\"flex-basis:26.492217205755125%\"><figure class=\"tiled-gallery__item\"><img decoding=\"async\" srcset=\"https:\/\/i2.wp.com\/www.daphneboutique.fr\/wp-content\/uploads\/2021\/04\/IMG_4214-scaled.jpg?strip=info&#038;w=600&#038;ssl=1 600w,https:\/\/i2.wp.com\/www.daphneboutique.fr\/wp-content\/uploads\/2021\/04\/IMG_4214-scaled.jpg?strip=info&#038;w=900&#038;ssl=1 900w,https:\/\/i2.wp.com\/www.daphneboutique.fr\/wp-content\/uploads\/2021\/04\/IMG_4214-scaled.jpg?strip=info&#038;w=1200&#038;ssl=1 1200w,https:\/\/i2.wp.com\/www.daphneboutique.fr\/wp-content\/uploads\/2021\/04\/IMG_4214-scaled.jpg?strip=info&#038;w=1500&#038;ssl=1 1500w,https:\/\/i2.wp.com\/www.daphneboutique.fr\/wp-content\/uploads\/2021\/04\/IMG_4214-scaled.jpg?strip=info&#038;w=1800&#038;ssl=1 1800w,https:\/\/i2.wp.com\/www.daphneboutique.fr\/wp-content\/uploads\/2021\/04\/IMG_4214-scaled.jpg?strip=info&#038;w=1920&#038;ssl=1 1920w\" alt=\"\" data-height=\"2560\" data-id=\"2204\" data-link=\"https:\/\/www.daphneboutique.fr\/index.php\/entreprises\/img_4214-2\/\" data-url=\"https:\/\/www.daphneboutique.fr\/wp-content\/uploads\/2021\/04\/IMG_4214-scaled.jpg\" data-width=\"1920\" src=\"https:\/\/i2.wp.com\/www.daphneboutique.fr\/wp-content\/uploads\/2021\/04\/IMG_4214-scaled.jpg?ssl=1\" layout=\"responsive\"\/><\/figure><\/div><div class=\"tiled-gallery__col\" style=\"flex-basis:47.01556558848975%\"><figure class=\"tiled-gallery__item\"><img decoding=\"async\" srcset=\"https:\/\/i2.wp.com\/www.daphneboutique.fr\/wp-content\/uploads\/2021\/04\/IMG_3871-1-scaled.jpg?strip=info&#038;w=600&#038;ssl=1 600w,https:\/\/i2.wp.com\/www.daphneboutique.fr\/wp-content\/uploads\/2021\/04\/IMG_3871-1-scaled.jpg?strip=info&#038;w=900&#038;ssl=1 900w,https:\/\/i2.wp.com\/www.daphneboutique.fr\/wp-content\/uploads\/2021\/04\/IMG_3871-1-scaled.jpg?strip=info&#038;w=1200&#038;ssl=1 1200w,https:\/\/i2.wp.com\/www.daphneboutique.fr\/wp-content\/uploads\/2021\/04\/IMG_3871-1-scaled.jpg?strip=info&#038;w=1500&#038;ssl=1 1500w,https:\/\/i2.wp.com\/www.daphneboutique.fr\/wp-content\/uploads\/2021\/04\/IMG_3871-1-scaled.jpg?strip=info&#038;w=1800&#038;ssl=1 1800w,https:\/\/i2.wp.com\/www.daphneboutique.fr\/wp-content\/uploads\/2021\/04\/IMG_3871-1-scaled.jpg?strip=info&#038;w=2000&#038;ssl=1 2000w\" alt=\"\" data-height=\"1920\" data-id=\"2205\" data-link=\"https:\/\/www.daphneboutique.fr\/index.php\/entreprises\/img_3871-1\/\" data-url=\"https:\/\/www.daphneboutique.fr\/wp-content\/uploads\/2021\/04\/IMG_3871-1-scaled.jpg\" data-width=\"2560\" src=\"https:\/\/i2.wp.com\/www.daphneboutique.fr\/wp-content\/uploads\/2021\/04\/IMG_3871-1-scaled.jpg?ssl=1\" layout=\"responsive\"\/><\/figure><\/div><div class=\"tiled-gallery__col\" style=\"flex-basis:26.492217205755125%\"><figure class=\"tiled-gallery__item\"><img decoding=\"async\" srcset=\"https:\/\/i1.wp.com\/www.daphneboutique.fr\/wp-content\/uploads\/2021\/04\/IMG_3873-1-scaled.jpg?strip=info&#038;w=600&#038;ssl=1 600w,https:\/\/i1.wp.com\/www.daphneboutique.fr\/wp-content\/uploads\/2021\/04\/IMG_3873-1-scaled.jpg?strip=info&#038;w=900&#038;ssl=1 900w,https:\/\/i1.wp.com\/www.daphneboutique.fr\/wp-content\/uploads\/2021\/04\/IMG_3873-1-scaled.jpg?strip=info&#038;w=1200&#038;ssl=1 1200w,https:\/\/i1.wp.com\/www.daphneboutique.fr\/wp-content\/uploads\/2021\/04\/IMG_3873-1-scaled.jpg?strip=info&#038;w=1500&#038;ssl=1 1500w,https:\/\/i1.wp.com\/www.daphneboutique.fr\/wp-content\/uploads\/2021\/04\/IMG_3873-1-scaled.jpg?strip=info&#038;w=1800&#038;ssl=1 1800w,https:\/\/i1.wp.com\/www.daphneboutique.fr\/wp-content\/uploads\/2021\/04\/IMG_3873-1-scaled.jpg?strip=info&#038;w=1920&#038;ssl=1 1920w\" alt=\"\" data-height=\"2560\" data-id=\"2207\" data-link=\"https:\/\/www.daphneboutique.fr\/index.php\/entreprises\/img_3873-1\/\" data-url=\"https:\/\/www.daphneboutique.fr\/wp-content\/uploads\/2021\/04\/IMG_3873-1-scaled.jpg\" data-width=\"1920\" src=\"https:\/\/i1.wp.com\/www.daphneboutique.fr\/wp-content\/uploads\/2021\/04\/IMG_3873-1-scaled.jpg?ssl=1\" layout=\"responsive\"\/><\/figure><\/div><\/div><div class=\"tiled-gallery__row\"><div class=\"tiled-gallery__col\" style=\"flex-basis:66.7651039744063%\"><figure class=\"tiled-gallery__item\"><img decoding=\"async\" srcset=\"https:\/\/i1.wp.com\/www.daphneboutique.fr\/wp-content\/uploads\/2021\/04\/IMG_3888-1-scaled.jpg?strip=info&#038;w=600&#038;ssl=1 600w,https:\/\/i1.wp.com\/www.daphneboutique.fr\/wp-content\/uploads\/2021\/04\/IMG_3888-1-scaled.jpg?strip=info&#038;w=900&#038;ssl=1 900w,https:\/\/i1.wp.com\/www.daphneboutique.fr\/wp-content\/uploads\/2021\/04\/IMG_3888-1-scaled.jpg?strip=info&#038;w=1200&#038;ssl=1 1200w,https:\/\/i1.wp.com\/www.daphneboutique.fr\/wp-content\/uploads\/2021\/04\/IMG_3888-1-scaled.jpg?strip=info&#038;w=1500&#038;ssl=1 1500w,https:\/\/i1.wp.com\/www.daphneboutique.fr\/wp-content\/uploads\/2021\/04\/IMG_3888-1-scaled.jpg?strip=info&#038;w=1800&#038;ssl=1 1800w,https:\/\/i1.wp.com\/www.daphneboutique.fr\/wp-content\/uploads\/2021\/04\/IMG_3888-1-scaled.jpg?strip=info&#038;w=2000&#038;ssl=1 2000w\" alt=\"\" data-height=\"1920\" data-id=\"2208\" data-link=\"https:\/\/www.daphneboutique.fr\/index.php\/entreprises\/img_3888-1\/\" data-url=\"https:\/\/www.daphneboutique.fr\/wp-content\/uploads\/2021\/04\/IMG_3888-1-scaled.jpg\" data-width=\"2560\" src=\"https:\/\/i1.wp.com\/www.daphneboutique.fr\/wp-content\/uploads\/2021\/04\/IMG_3888-1-scaled.jpg?ssl=1\" layout=\"responsive\"\/><\/figure><\/div><div class=\"tiled-gallery__col\" style=\"flex-basis:33.2348960255937%\"><figure class=\"tiled-gallery__item\"><img decoding=\"async\" srcset=\"https:\/\/i0.wp.com\/www.daphneboutique.fr\/wp-content\/uploads\/2021\/04\/IMG_4221-1-scaled.jpg?strip=info&#038;w=600&#038;ssl=1 600w,https:\/\/i0.wp.com\/www.daphneboutique.fr\/wp-content\/uploads\/2021\/04\/IMG_4221-1-scaled.jpg?strip=info&#038;w=900&#038;ssl=1 900w,https:\/\/i0.wp.com\/www.daphneboutique.fr\/wp-content\/uploads\/2021\/04\/IMG_4221-1-scaled.jpg?strip=info&#038;w=1200&#038;ssl=1 1200w,https:\/\/i0.wp.com\/www.daphneboutique.fr\/wp-content\/uploads\/2021\/04\/IMG_4221-1-scaled.jpg?strip=info&#038;w=1500&#038;ssl=1 1500w,https:\/\/i0.wp.com\/www.daphneboutique.fr\/wp-content\/uploads\/2021\/04\/IMG_4221-1-scaled.jpg?strip=info&#038;w=1800&#038;ssl=1 1800w,https:\/\/i0.wp.com\/www.daphneboutique.fr\/wp-content\/uploads\/2021\/04\/IMG_4221-1-scaled.jpg?strip=info&#038;w=2000&#038;ssl=1 2000w\" alt=\"\" data-height=\"1920\" data-id=\"2209\" data-link=\"https:\/\/www.daphneboutique.fr\/index.php\/entreprises\/img_4221-1\/\" data-url=\"https:\/\/www.daphneboutique.fr\/wp-content\/uploads\/2021\/04\/IMG_4221-1-scaled.jpg\" data-width=\"2560\" src=\"https:\/\/i0.wp.com\/www.daphneboutique.fr\/wp-content\/uploads\/2021\/04\/IMG_4221-1-scaled.jpg?ssl=1\" layout=\"responsive\"\/><\/figure><figure class=\"tiled-gallery__item\"><img decoding=\"async\" srcset=\"https:\/\/i1.wp.com\/www.daphneboutique.fr\/wp-content\/uploads\/2021\/04\/IMG_4385-scaled.jpg?strip=info&#038;w=600&#038;ssl=1 600w,https:\/\/i1.wp.com\/www.daphneboutique.fr\/wp-content\/uploads\/2021\/04\/IMG_4385-scaled.jpg?strip=info&#038;w=900&#038;ssl=1 900w,https:\/\/i1.wp.com\/www.daphneboutique.fr\/wp-content\/uploads\/2021\/04\/IMG_4385-scaled.jpg?strip=info&#038;w=1200&#038;ssl=1 1200w,https:\/\/i1.wp.com\/www.daphneboutique.fr\/wp-content\/uploads\/2021\/04\/IMG_4385-scaled.jpg?strip=info&#038;w=1500&#038;ssl=1 1500w,https:\/\/i1.wp.com\/www.daphneboutique.fr\/wp-content\/uploads\/2021\/04\/IMG_4385-scaled.jpg?strip=info&#038;w=1800&#038;ssl=1 1800w,https:\/\/i1.wp.com\/www.daphneboutique.fr\/wp-content\/uploads\/2021\/04\/IMG_4385-scaled.jpg?strip=info&#038;w=2000&#038;ssl=1 2000w\" alt=\"\" data-height=\"1920\" data-id=\"2210\" data-link=\"https:\/\/www.daphneboutique.fr\/index.php\/entreprises\/img_4385\/\" data-url=\"https:\/\/www.daphneboutique.fr\/wp-content\/uploads\/2021\/04\/IMG_4385-scaled.jpg\" data-width=\"2560\" src=\"https:\/\/i1.wp.com\/www.daphneboutique.fr\/wp-content\/uploads\/2021\/04\/IMG_4385-scaled.jpg?ssl=1\" layout=\"responsive\"\/><\/figure><\/div><\/div><div class=\"tiled-gallery__row\"><div class=\"tiled-gallery__col\" style=\"flex-basis:33.259505352528606%\"><\/div><div class=\"tiled-gallery__col\" style=\"flex-basis:66.74049464747138%\"><\/div><\/div><\/div><\/div>\n\n\n\n<p><\/p>\n","protected":false},"excerpt":{"rendered":"<p>Marquez les esprits ! \u00a0 Un \u00e9v\u00e9nement promotionnel en vue ? Distribuez nos porte-couteaux personnalis\u00e9s au pr\u00e9noms des participants pour que leurs noms &amp; votre marque reste grav\u00e9s dans les esprits. Personnalisez-les avec le nom de votre entreprise, votre slogan, votre logo pour les transformer en v\u00e9ritable carte de visite.&hellip;<\/p>\n","protected":false},"author":2,"featured_media":2203,"parent":0,"menu_order":0,"comment_status":"closed","ping_status":"closed","template":"","meta":[],"_links":{"self":[{"href":"https:\/\/www.daphneboutique.fr\/index.php\/wp-json\/wp\/v2\/pages\/2184"}],"collection":[{"href":"https:\/\/www.daphneboutique.fr\/index.php\/wp-json\/wp\/v2\/pages"}],"about":[{"href":"https:\/\/www.daphneboutique.fr\/index.php\/wp-json\/wp\/v2\/types\/page"}],"author":[{"embeddable":true,"href":"https:\/\/www.daphneboutique.fr\/index.php\/wp-json\/wp\/v2\/users\/2"}],"replies":[{"embeddable":true,"href":"https:\/\/www.daphneboutique.fr\/index.php\/wp-json\/wp\/v2\/comments?post=2184"}],"version-history":[{"count":16,"href":"https:\/\/www.daphneboutique.fr\/index.php\/wp-json\/wp\/v2\/pages\/2184\/revisions"}],"predecessor-version":[{"id":2408,"href":"https:\/\/www.daphneboutique.fr\/index.php\/wp-json\/wp\/v2\/pages\/2184\/revisions\/2408"}],"wp:featuredmedia":[{"embeddable":true,"href":"https:\/\/www.daphneboutique.fr\/index.php\/wp-json\/wp\/v2\/media\/2203"}],"wp:attachment":[{"href":"https:\/\/www.daphneboutique.fr\/index.php\/wp-json\/wp\/v2\/media?parent=2184"}],"curies":[{"name":"wp","href":"https:\/\/api.w.org\/{rel}","templated":true}]}}