{"id":2120,"date":"2021-02-11T10:47:01","date_gmt":"2021-02-11T09:47:01","guid":{"rendered":"https:\/\/www.daphneboutique.fr\/?page_id=2120"},"modified":"2021-02-11T16:49:08","modified_gmt":"2021-02-11T15:49:08","slug":"livraison-et-retours","status":"publish","type":"page","link":"https:\/\/www.daphneboutique.fr\/index.php\/livraison-et-retours\/","title":{"rendered":"Livraison et retours"},"content":{"rendered":"\n<h3>Livraison<\/h3>\n\n\n\n<p>Les commandes sont trait\u00e9es dans un d\u00e9lai de 10 ouvr\u00e9s (qui peut \u00eatre allong\u00e9 \u00e0 15 jours ouvr\u00e9s en p\u00e9riode de forte activit\u00e9 commerciale).<br>Il faut ajouter \u00e0 ce d\u00e9lai le d\u00e9lai postal en fonction du mode de livraison choisi lors de votre commande.\u00a0<\/p>\n\n\n\n<p>L\u2019envoi se fait via la Poste par lettre suivie simple. Les frais de livraison sont forfaitaires et propres \u00e0 chaque produit :<\/p>\n\n\n\n<p>\u2022\u00a0France : 10\u20ac en lettre suivie simple pour les porte-couteaux &#8211; 20\u20ac en colissimo pour les petits bancs<br>\u2022\u00a0Europe : selon la commande<\/p>\n\n\n\n<p>Ces frais incluent les frais de pr\u00e9paration et d\u2019emballage en plus des frais de port.<\/p>\n\n\n\n<h3>Retours<\/h3>\n\n\n\n<p>Vous disposez d\u2019un d\u00e9lai de 15 jours pour exercer votre droit de r\u00e9tractation.<br>Ce d\u00e9lai court \u00e0 compter de la r\u00e9ception de votre commande.&nbsp;<br>Les frais de retour restent \u00e0 votre charge.&nbsp;<\/p>\n\n\n\n<p>Tout retour de commande doit \u00eatre r\u00e9exp\u00e9di\u00e9 dans son emballage d\u2019origine \u00e0 l\u2019adresse suivante :<\/p>\n\n\n\n<p><strong>Daphn\u00e9 Boutique<\/strong><br>Laure de Maistre<br>68 rue Gambetta<br>78 120 Rambouillet<\/p>\n\n\n\n<p>N\u2019h\u00e9sitez pas \u00e0 nous contacter pour toute question concernant un retour ou un \u00e9change :&nbsp;laure@bdm.paris<\/p>\n","protected":false},"excerpt":{"rendered":"<p>Livraison Les commandes sont trait\u00e9es dans un d\u00e9lai de 10 ouvr\u00e9s (qui peut \u00eatre allong\u00e9 \u00e0 15 jours ouvr\u00e9s en p\u00e9riode de forte activit\u00e9 commerciale).Il faut ajouter \u00e0 ce d\u00e9lai le d\u00e9lai postal en fonction du mode de livraison choisi lors de votre commande.\u00a0 L\u2019envoi se fait via la Poste&hellip;<\/p>\n","protected":false},"author":2,"featured_media":0,"parent":0,"menu_order":0,"comment_status":"closed","ping_status":"closed","template":"","meta":[],"_links":{"self":[{"href":"https:\/\/www.daphneboutique.fr\/index.php\/wp-json\/wp\/v2\/pages\/2120"}],"collection":[{"href":"https:\/\/www.daphneboutique.fr\/index.php\/wp-json\/wp\/v2\/pages"}],"about":[{"href":"https:\/\/www.daphneboutique.fr\/index.php\/wp-json\/wp\/v2\/types\/page"}],"author":[{"embeddable":true,"href":"https:\/\/www.daphneboutique.fr\/index.php\/wp-json\/wp\/v2\/users\/2"}],"replies":[{"embeddable":true,"href":"https:\/\/www.daphneboutique.fr\/index.php\/wp-json\/wp\/v2\/comments?post=2120"}],"version-history":[{"count":2,"href":"https:\/\/www.daphneboutique.fr\/index.php\/wp-json\/wp\/v2\/pages\/2120\/revisions"}],"predecessor-version":[{"id":2132,"href":"https:\/\/www.daphneboutique.fr\/index.php\/wp-json\/wp\/v2\/pages\/2120\/revisions\/2132"}],"wp:attachment":[{"href":"https:\/\/www.daphneboutique.fr\/index.php\/wp-json\/wp\/v2\/media?parent=2120"}],"curies":[{"name":"wp","href":"https:\/\/api.w.org\/{rel}","templated":true}]}}