{"id":2118,"date":"2021-02-11T10:40:07","date_gmt":"2021-02-11T09:40:07","guid":{"rendered":"https:\/\/www.daphneboutique.fr\/?page_id=2118"},"modified":"2021-02-11T10:40:09","modified_gmt":"2021-02-11T09:40:09","slug":"conseils-dentretien","status":"publish","type":"page","link":"https:\/\/www.daphneboutique.fr\/index.php\/conseils-dentretien\/","title":{"rendered":"Conseils d&rsquo;entretien"},"content":{"rendered":"\n<p>Daphn\u00e9 se permet quelques conseils pour pr\u00e9server au mieux ces essences de bois qu&rsquo;elle vous confie et faire durer leurs \u00e9clats dans le temps. L&rsquo;<strong>entretien de votre objet est n\u00e9cessaire <\/strong>pour une longue dur\u00e9e de vie, pour raviver les couleurs du bois lorsque celui-ci finit par s&rsquo;ass\u00e9cher suite aux rin\u00e7ages.<\/p>\n\n\n\n<p><strong>&#8211;\u00a0Entretien facile :\u00a0passer simplement une noisette d&rsquo;huile d&rsquo;olive\u00a0<\/strong>sur toutes les surfaces et laissez s\u00e9cher.<br>N&rsquo;h\u00e9sitez pas \u00e0 le faire une fois par mois si l&rsquo;usage est quotidien,<\/p>\n\n\n\n<p>&#8211; Ne passez jamais ces objets \u00e0 la machine \u00e0 laver,<br>&#8211; Ne les laissez pas tremper dans l&rsquo;eau, rincez les et veillez \u00e0 bien les s\u00e9cher pour limiter l&rsquo;humidit\u00e9,<br>&#8211; Pour les planches, il est pr\u00e9f\u00e9rable de les laissez s\u00e9cher verticalement,<\/p>\n\n\n\n<p>Ces\u00a0<strong>cr\u00e9ations sont issues des Ateliers BdM,\u00a0<\/strong>chers au c\u0153ur de Daphn\u00e9, situ\u00e9s dans la Vall\u00e9e de Chevreuse.<br>Finies \u00e0 la main, avec le plus grand soin, en bois 100% naturel, ces derni\u00e8res viennent embellir votre int\u00e9rieur.<br><br>Laissez-vous fa\u00e7onner par cette mati\u00e8re et toucher par sa douceur et ses odeurs.<br>Nous sommes heureux de vous faire partager notre passion du bois.<br>Nous restons \u00e0 votre disposition pour toutes questions,<br>Beaux moments avec ces essences.<br><br>Daphn\u00e9 &amp; sa charmante \u00e9quipe<br><br>Fl\u00e2nez sur la boutique et retrouvez toutes les cr\u00e9ations de Daphn\u00e9 sur<br>Instagram : Daphneboutique_bdm &#8211;\u00a0 Facebook : Daphn\u00e9 Boutique<br><a rel=\"noreferrer noopener\" href=\"mailto:laure@daphneboutique.fr\" target=\"_blank\">laure@<\/a>bdm.paris\u00a0&#8211; 06 72 58 17 15 &#8211;\u00a0<a rel=\"noreferrer noopener\" href=\"http:\/\/www.daphneboutique.fr\/\" target=\"_blank\">www.daphneboutique.fr<\/a><\/p>\n","protected":false},"excerpt":{"rendered":"<p>Daphn\u00e9 se permet quelques conseils pour pr\u00e9server au mieux ces essences de bois qu&rsquo;elle vous confie et faire durer leurs \u00e9clats dans le temps. L&rsquo;entretien de votre objet est n\u00e9cessaire pour une longue dur\u00e9e de vie, pour raviver les couleurs du bois lorsque celui-ci finit par s&rsquo;ass\u00e9cher suite aux rin\u00e7ages.&hellip;<\/p>\n","protected":false},"author":2,"featured_media":0,"parent":0,"menu_order":0,"comment_status":"closed","ping_status":"closed","template":"","meta":[],"_links":{"self":[{"href":"https:\/\/www.daphneboutique.fr\/index.php\/wp-json\/wp\/v2\/pages\/2118"}],"collection":[{"href":"https:\/\/www.daphneboutique.fr\/index.php\/wp-json\/wp\/v2\/pages"}],"about":[{"href":"https:\/\/www.daphneboutique.fr\/index.php\/wp-json\/wp\/v2\/types\/page"}],"author":[{"embeddable":true,"href":"https:\/\/www.daphneboutique.fr\/index.php\/wp-json\/wp\/v2\/users\/2"}],"replies":[{"embeddable":true,"href":"https:\/\/www.daphneboutique.fr\/index.php\/wp-json\/wp\/v2\/comments?post=2118"}],"version-history":[{"count":1,"href":"https:\/\/www.daphneboutique.fr\/index.php\/wp-json\/wp\/v2\/pages\/2118\/revisions"}],"predecessor-version":[{"id":2119,"href":"https:\/\/www.daphneboutique.fr\/index.php\/wp-json\/wp\/v2\/pages\/2118\/revisions\/2119"}],"wp:attachment":[{"href":"https:\/\/www.daphneboutique.fr\/index.php\/wp-json\/wp\/v2\/media?parent=2118"}],"curies":[{"name":"wp","href":"https:\/\/api.w.org\/{rel}","templated":true}]}}