{"id":2112,"date":"2021-02-11T10:22:13","date_gmt":"2021-02-11T09:22:13","guid":{"rendered":"https:\/\/www.daphneboutique.fr\/?page_id=2112"},"modified":"2021-02-11T16:54:08","modified_gmt":"2021-02-11T15:54:08","slug":"mentions-legales","status":"publish","type":"page","link":"https:\/\/www.daphneboutique.fr\/index.php\/mentions-legales\/","title":{"rendered":"Mentions l\u00e9gales"},"content":{"rendered":"\n<p>Il est rappel\u00e9 que le secret des correspondances n\u2019est pas garanti sur le r\u00e9seau Internet et qu\u2019il appartient \u00e0 chaque utilisateur d\u2019Internet de prendre toutes les mesures appropri\u00e9es de fa\u00e7on \u00e0 prot\u00e9ger ses propres donn\u00e9es et\/ou logiciels de la contamination d\u2019\u00e9ventuels virus circulant sur Internet.<\/p>\n\n\n\n<h3>Editeur<\/h3>\n\n\n\n<p><strong>Daphn\u00e9 by BdM<\/strong><br>Laure de Maistre<br>immatricul\u00e9e statut autoentrepreneur sous le n\u00b0 842\u00a0714 610, <br>n\u00b0 de TVA intra-communautaire en cours d\u2019immatriculation.<br>68 rue Gambetta &#8211; 78120 Rambouillet<br>Adresse e-mail :\u00a0laure@bdm.paris<br>T\u00e9l\u00e9phone : 06.72.58.17.15<br><br>La directrice de la publication est Laure de MAISTRE repr\u00e9sentant l\u00e9gal de l&rsquo;entreprise Daphn\u00e9 Boutique by BdM<br>laure@bdm.paris<\/p>\n\n\n\n<h3>Cr\u00e9ation &amp; Conception<\/h3>\n\n\n\n<p>Laure de MAISTRE<\/p>\n\n\n\n<h3>Int\u00e9gration et d\u00e9veloppement<\/h3>\n\n\n\n<p>Laure de MAISTRE<\/p>\n\n\n\n<h3>Photographes<\/h3>\n\n\n\n<p>Laure de MAISTRE<br>Bruno de MAISTRE<\/p>\n\n\n\n<h3>H\u00e9bergement<\/h3>\n\n\n\n<p>OVH<br>2 Rue Kellermann<br>59100 Roubaix<\/p>\n\n\n\n<h3>Divers<\/h3>\n\n\n\n<p>Vos informations bancaires ne sont jamais en notre possession. Les transactions sont enti\u00e8rement trait\u00e9es par le module de paiement s\u00e9curis\u00e9 de notre partenaire STRIPE. Le Site utilise des cookies (t\u00e9moins de connexion) ce dont l\u2019utilisateur est inform\u00e9 en arrivant sur le site internet qui permettent d\u2019enregistrer des informations relatives \u00e0 la navigation de l\u2019ordinateur sur le site internet.<br>&nbsp;<br>Ces cookies ne sont install\u00e9s qu\u2019apr\u00e8s acceptation par l\u2019utilisateur, la poursuite de la navigation sur le site internet valant acceptation. L\u2019utilisateur peut s\u2019opposer \u00e0 l\u2019utilisation de ces cookies en param\u00e9trant son navigateur, sachant que l\u2019acc\u00e8s \u00e0 certains services peut n\u00e9cessiter l\u2019acceptation pr\u00e9alable par l\u2019utilisateur des cookies.<\/p>\n","protected":false},"excerpt":{"rendered":"<p>Il est rappel\u00e9 que le secret des correspondances n\u2019est pas garanti sur le r\u00e9seau Internet et qu\u2019il appartient \u00e0 chaque utilisateur d\u2019Internet de prendre toutes les mesures appropri\u00e9es de fa\u00e7on \u00e0 prot\u00e9ger ses propres donn\u00e9es et\/ou logiciels de la contamination d\u2019\u00e9ventuels virus circulant sur Internet. Editeur Daphn\u00e9 by BdMLaure de&hellip;<\/p>\n","protected":false},"author":2,"featured_media":0,"parent":0,"menu_order":0,"comment_status":"closed","ping_status":"closed","template":"","meta":[],"_links":{"self":[{"href":"https:\/\/www.daphneboutique.fr\/index.php\/wp-json\/wp\/v2\/pages\/2112"}],"collection":[{"href":"https:\/\/www.daphneboutique.fr\/index.php\/wp-json\/wp\/v2\/pages"}],"about":[{"href":"https:\/\/www.daphneboutique.fr\/index.php\/wp-json\/wp\/v2\/types\/page"}],"author":[{"embeddable":true,"href":"https:\/\/www.daphneboutique.fr\/index.php\/wp-json\/wp\/v2\/users\/2"}],"replies":[{"embeddable":true,"href":"https:\/\/www.daphneboutique.fr\/index.php\/wp-json\/wp\/v2\/comments?post=2112"}],"version-history":[{"count":3,"href":"https:\/\/www.daphneboutique.fr\/index.php\/wp-json\/wp\/v2\/pages\/2112\/revisions"}],"predecessor-version":[{"id":2134,"href":"https:\/\/www.daphneboutique.fr\/index.php\/wp-json\/wp\/v2\/pages\/2112\/revisions\/2134"}],"wp:attachment":[{"href":"https:\/\/www.daphneboutique.fr\/index.php\/wp-json\/wp\/v2\/media?parent=2112"}],"curies":[{"name":"wp","href":"https:\/\/api.w.org\/{rel}","templated":true}]}}