{"id":12,"date":"2019-07-20T00:12:34","date_gmt":"2019-07-20T00:12:34","guid":{"rendered":"https:\/\/goya.everthemes.com\/demo-decor\/?page_id=12"},"modified":"2021-04-23T14:22:17","modified_gmt":"2021-04-23T12:22:17","slug":"terms-conditions","status":"publish","type":"page","link":"https:\/\/www.daphneboutique.fr\/index.php\/terms-conditions\/","title":{"rendered":"Conditions G\u00e9n\u00e9rales de Ventes Daphn\u00e9 boutique"},"content":{"rendered":"\n<p>www.daphneboutique.com (le \u00ab Site \u00bb) est \u00e9dit\u00e9 Laure de Maistre dont le si\u00e8ge social est 68 rue GAMBETTA&nbsp;\u2013 78120 Rambouillet, France, en cours d\u2019immatriculation au R.C.S de Versailles.<\/p>\n\n\n\n<p><strong>I. Application des conditions g\u00e9n\u00e9rales de vente<\/strong><\/p>\n\n\n\n<p>Les conditions g\u00e9n\u00e9rales de vente (les \u00ab CGV \u00bb) d\u00e9taill\u00e9es ci-dessous s&rsquo;appliquent \u00e0 toutes les commandes de produits et services pass\u00e9es via le Site (les \u00ab\u00a0Produits de la Boutique\u00a0\u00bb) ou via un devis par mail demand\u00e9 aupr\u00e8s de Daphn\u00e9 Boutique ou par toute personne (le \u00ab\u00a0Client\u00a0\u00bb).<\/p>\n\n\n\n<p>Le Client doit prendre connaissance des CGV pr\u00e9alablement \u00e0 toute commande (dans mon \u00ab\u00a0Mon panier\u00a0\u00bb), ou lors de la signature du devis envoy\u00e9 par mail, les CGV \u00e9tant disponibles sur le Site.<\/p>\n\n\n\n<p>Daphn\u00e9 Boutique se r\u00e9serve le droit d\u2019adapter ou de modifier \u00e0 tout moment les pr\u00e9sentes CGV. La version des CGV applicable \u00e0 toute vente \u00e9tant celle figurant en ligne sur le www.daphneboutique.com au moment de la Commande. En cons\u00e9quence, le fait de passer Commande requiert l&rsquo;enti\u00e8re adh\u00e9sion pr\u00e9alable et, sans r\u00e9serve, \u00e0 ces CGV par le Client en cliquant sur le bouton \u00ab\u00a0J&rsquo;ai lu et j&rsquo;accepte les conditions g\u00e9n\u00e9rales de vente\u00a0\u00bb.<\/p>\n\n\n\n<p><strong>II. Informations sur le site et accessibilit\u00e9<\/strong><\/p>\n\n\n\n<p>www.daphneboutique.com est un site de commerce \u00e9lectronique qui appartient et est g\u00e9r\u00e9 par Laure de Maistre.<\/p>\n\n\n\n<p>Le Site est accessible \u00e0 tous les utilisateurs du r\u00e9seau internet par principe 24\/24h, 7\/7j, sauf interruption, programm\u00e9e ou non, par Laure de Maistre ou ses prestataires, pour les besoins de sa maintenance et\/ou de s\u00e9curit\u00e9 ou cas de force majeure (tel que d\u00e9fini ci-apr\u00e8s). Laure de Maistre ne saurait \u00eatre tenue responsable de tout dommage, quelle qu&rsquo;en soit la nature, r\u00e9sultant d&rsquo;une indisponibilit\u00e9 du Site.<\/p>\n\n\n\n<p>Laure de Maistre ne garantit pas que le Site sera exempt d\u2019anomalies, erreurs ou bugs, ni que le Site fonctionnera sans panne ni interruption. Il peut \u00e0 cet \u00e9gard d\u00e9terminer librement et \u00e0 son enti\u00e8re discr\u00e9tion toute p\u00e9riode d\u2019indisponibilit\u00e9 du Site ou de son contenu. Laure de Maistre ne peut non plus \u00eatre tenue responsable de probl\u00e8mes de transmission de donn\u00e9es, de connexion ou d\u2019indisponibilit\u00e9 du r\u00e9seau.<\/p>\n\n\n\n<p>Laure de Maistre se r\u00e9serve le droit de faire \u00e9voluer le Site, pour des raisons techniques ou commerciales. Lorsque ces modifications n\u2019alt\u00e8rent pas les conditions de la fourniture des services, de mani\u00e8re substantielle et n\u00e9gative, le Client peut \u00eatre inform\u00e9 des modifications intervenues, mais son acceptation n\u2019est pas sollicit\u00e9e.<\/p>\n\n\n\n<p><strong>III. Inscription sur le site<\/strong><\/p>\n\n\n\n<p>Pour pouvoir passer une Commande, le Client peut pr\u00e9alablement s&rsquo;il le souhaite s\u2019inscrire sur le Site en cr\u00e9ant un compte regroupant les informations du Client (le \u00ab Compte \u00bb).<\/p>\n\n\n\n<p>L\u2019inscription du Client sur le Site est valid\u00e9e par Laure de Maistre apr\u00e8s v\u00e9rification du formulaire standard rempli par le Client. Le Client re\u00e7oit un e-mail de confirmation d\u2019inscription.<\/p>\n\n\n\n<p>Lors de la cr\u00e9ation de son Compte, le Client doit s\u2019assurer de l\u2019exactitude et de l\u2019exhaustivit\u00e9 des donn\u00e9es qu\u2019il fournit. Le Client est tenu de toujours mettre \u00e0 jour ses informations personnelles. En cas d\u2019erreur dans le libell\u00e9 des coordonn\u00e9es du destinataire, Laure de Maistre ne saurait \u00eatre tenue responsable de l\u2019impossibilit\u00e9 de livrer des Produits.<\/p>\n\n\n\n<p>En s\u2019inscrivant sur le Site, le Client d\u00e9clare et garantit \u00e0 Laure de Maistre qu\u2019il est majeur et a la capacit\u00e9 juridique pour contracter.<\/p>\n\n\n\n<p>Laure de Maistre peut supprimer le Compte du Client \u00e0 tout moment, pour toute raison, \u00e0 sa seule discr\u00e9tion.<\/p>\n\n\n\n<p><strong>IV. Produits<\/strong><\/p>\n\n\n\n<p>Les produits propos\u00e9s \u00e0 la vente sont ceux d\u00e9crits sur le Site au jour de la consultation du Site par le Client, dans la limite des stocks disponibles. Ces indications sont mises \u00e0 jour automatiquement en temps r\u00e9el. Toutefois, une erreur dans la mise \u00e0 jour, quelle qu&rsquo;en soit l&rsquo;origine, n&rsquo;engage pas la responsabilit\u00e9 de Laure de Maistre. A ce titre, Laure de Maistre ne saurait \u00eatre tenue responsable de l\u2019annulation d\u2019une Commande d\u2019un Produit du fait de l\u2019\u00e9puisement des stocks.<\/p>\n\n\n\n<p>Laure de Maistre apporte le plus grand soin dans la pr\u00e9sentation et la description de ces produits pour satisfaire au mieux l\u2019information du Client. Ces produits \u00e9tant r\u00e9alis\u00e9s \u00e0 la main, en France, quelques irr\u00e9gularit\u00e9s peuvent \u00eatre pr\u00e9sentes. Il est toutefois possible que certaines perdurent, les produits \u00e9tant respect\u00e9s dans leur \u00e9tat naturel. Il est \u00e9galement possible que des erreurs puissent figurer sur le Site, ce que le Client reconna\u00eet et accepte.<\/p>\n\n\n\n<p>Laure de Maistre ne garantit ni la pr\u00e9cision ni la s\u00e9curit\u00e9 des informations transmises ou obtenues au moyen du Site.<\/p>\n\n\n\n<p><strong>V. Commande<\/strong><\/p>\n\n\n\n<p>La prise de commande sur le Site est soumise au respect de la proc\u00e9dure mise en place par Daphn\u00e9 Boutique sur le site comprenant des \u00e9tapes successives aboutissant \u00e0 la validation de la Commande.<\/p>\n\n\n\n<p>Le Client peut s\u00e9lectionner autant de Produits qu&rsquo;il le souhaite qui s&rsquo;ajouteront au panier (le \u00ab\u00a0Panier\u00a0\u00bb). Le Panier r\u00e9capitule les Produits choisis par le Client ainsi que les prix et les frais y aff\u00e9rents. Le Client pourra librement modifier le Panier avant validation de sa Commande. La validation de la Commande vaut confirmation de l&rsquo;acceptation par le client des CGV, des Produits achet\u00e9s, de leur prix ainsi que des frais associ\u00e9s.<\/p>\n\n\n\n<p>Un email de confirmation r\u00e9capitulant la Commande (Produit(s), prix, disponibilit\u00e9 du (es) produits, quantit\u00e9\u2026) sera adress\u00e9 au Client par Laure de Maistre. A cet effet, le Client accepte formellement l\u2019usage du courrier \u00e9lectronique pour la confirmation par Laure de Maistre du contenu de sa Commande. Les factures sont disponibles dans la rubrique \u00ab\u00a0mon compte\u00a0\u00bb du site.<\/p>\n\n\n\n<p><strong>VI. Prix et Modalit\u00e9s de paiement<\/strong><\/p>\n\n\n\n<p>Les prix sont indiqu\u00e9s sur le Site en euros, toutes taxes comprises (TTC), hors participation aux frais de traitement et d\u2019exp\u00e9dition. Ils tiennent compte de la TVA et des \u00e9ventuelles r\u00e9ductions applicables au jour de la Commande. Les prix des Produits s&rsquo;entendent hors frais de livraison (port, emballage et confection du colis selon montants en vigueur). Le montant des frais d\u2019exp\u00e9dition est pr\u00e9cis\u00e9 sur le Site avant validation de la Commande. Laure de Maistre se r\u00e9serve le droit de modifier les prix des Articles \u00e0 tout moment, les Articles \u00e9tant factur\u00e9s sur la base des tarifs en vigueur au moment de la validation de chaque Commande. Le prix des Articles factur\u00e9 est donc celui indiqu\u00e9 lors de la Commande. Concernant les ventes hors Union Europ\u00e9enne, il est express\u00e9ment rappel\u00e9 que les frais de d\u00e9douanement, le paiement de droits ou taxes divers sont \u00e0 la charge du Client.<\/p>\n\n\n\n<p>Si certains prix ne sont pas en TTC, notamment pour les entreprises, ces montants HT seront clairement pr\u00e9cis\u00e9s dans l\u2019onglet \u00ab&nbsp;Entreprise&nbsp;\u00bb notamment, les devis \u00e9tant r\u00e9alis\u00e9s dans ce cas uniquement par mail et les paiements effectu\u00e9s par virement sur le RIB de Daphn\u00e9 Boutique en dehors du site de vente Daphn\u00e9 Boutique.<\/p>\n\n\n\n<p>La Commande via le site Daphn\u00e9 Boutique est payable imm\u00e9diatement par carte bancaire (CB, Visa, MasterCard ) via Stripe\/<\/p>\n\n\n\n<p>Concernant les ventes hors Union Europ\u00e9enne, r\u00e9alisable uniquement par mail, sur devis, il est rappel\u00e9 que les frais de d\u00e9douanement, le paiement de droits ou taxes divers sont \u00e0 la charge du Client. Les transactions effectu\u00e9es sur le Site sont s\u00e9curis\u00e9es pour la saisie des donn\u00e9es de paiement : num\u00e9ro de carte, date d&rsquo;expiration et le cryptogramme visuel.<\/p>\n\n\n\n<p><strong>VII. Livraison de la commande<\/strong><\/p>\n\n\n\n<p>Le Client recevra par e-mail un num\u00e9ro de Commande confirmant sa bonne prise en charge et sera inform\u00e9 des diff\u00e9rentes \u00e9tapes de sa Commande par email (\u00e0 l\u2019adresse e-mail renseign\u00e9e par ce dernier). Les Articles command\u00e9s seront exp\u00e9di\u00e9s dans un d\u00e9lai de 10 jours pouvant aller jusqu\u2019\u00e0 15 jours en p\u00e9riode de forte activit\u00e9 commerciale, sous r\u00e9serve du paiement complet du prix.<\/p>\n\n\n\n<p>Le Client se voit proposer plusieurs modes de livraison choisis par le Client et aux frais du Client. Les frais de Port pour la France sont offerts pour toute Commande sup\u00e9rieure \u00e0 150 euros. Le Client est inform\u00e9 qu\u2019il lui appartient de fournir les pr\u00e9cisions n\u00e9cessaires au bon acheminement de sa Commande (Code d\u2019acc\u00e8s par exemple). Si l&rsquo;adresse de livraison renseign\u00e9e par le Client n&rsquo;est pas valide et induit donc un retour du colis pour non r\u00e9ception \u00e0 l&rsquo;adresse indiqu\u00e9e, les frais de r\u00e9exp\u00e9dition du colis \u00e0 la nouvelle adresse transmise seront \u00e0 la charge du Client.<\/p>\n\n\n\n<p>Chaque livraison est r\u00e9put\u00e9e effectu\u00e9e d\u00e8s mise \u00e0 disposition du colis aupr\u00e8s du Client, par Laure de Maistre elle-m\u00eame. Laure de Maistre ne peut \u00eatre tenu responsable pour un quelconque retard et erreur de livraison ou perte de colis imputable \u00e0 Colissimo.<\/p>\n\n\n\n<p><strong>VIII. Droit de r\u00e9tractation<\/strong><\/p>\n\n\n\n<p>Conform\u00e9ment \u00e0 l\u2019article L.121-20 du code de la consommation, \u00ab le consommateur dispose d\u2019un d\u00e9lai de quatorze jours francs pour exercer son droit de r\u00e9traction sans avoir \u00e0 justifier de motifs ni \u00e0 payer de p\u00e9nalit\u00e9s, \u00e0 l\u2019exception, les cas \u00e9ch\u00e9ant, des frais de retour \u00bb. \u00ab Le d\u00e9lai mentionn\u00e9 \u00e0 l\u2019alin\u00e9a pr\u00e9c\u00e9dent court \u00e0 compter de la r\u00e9ception pour les biens ou de l\u2019acceptation de l\u2019offre pour les prestations de services \u00bb. Le droit de r\u00e9tractation peut \u00eatre exerc\u00e9 en contactant le vendeur par email \u00e0 laure@bdm.paris. En cas d\u2019exercice du droit de r\u00e9tractation dans le d\u00e9lai susmentionn\u00e9, seul le prix du ou des produits achet\u00e9s feront l\u2019objet de droit \u00e0 remboursement, les frais de retour resteront \u00e0 la charge du client.<\/p>\n\n\n\n<p>Les retours des produits sont \u00e0 effectuer dans leur \u00e9tat d\u2019origine et complets (emballage, \u00e9tiquettes\u2026) de sorte qu\u2019ils puissent \u00eatre revendus comme neufs .<\/p>\n\n\n\n<p>Ils doivent, si possible \u00eatre accompagn\u00e9s d\u2019une copie du justificatif d\u2019achat, et sont \u00e0 adresser \u00e0 :<\/p>\n\n\n\n<p><strong>Daphn\u00e9 Boutique<br>Laure de Maistre<br>68 rue Gambetta<br>78\u00a0120 RAMBOUILLET<\/strong><\/p>\n\n\n\n<p>NB : Aucun objet personnalis\u00e9 n&rsquo;entre dans le champ du droit de r\u00e9tractation et ne peut faire l&rsquo;objet d&rsquo;un retour pour remboursement ou \u00e9change.<\/p>\n\n\n\n<p><strong>IX. R\u00e9clamations<\/strong><\/p>\n\n\n\n<p>Le cas \u00e9ch\u00e9ant, le client peut pr\u00e9senter toute r\u00e9clamation en contactant la soci\u00e9t\u00e9 au moyen des coordonn\u00e9es suivantes : par email \u00e0 laure@bdm.paris<\/p>\n\n\n\n<p><strong>X. Garanties<\/strong><\/p>\n\n\n\n<p>Conform\u00e9ment \u00e0 la loi, le vendeur assume une garantie de conformit\u00e9 ainsi qu\u2019une garantie relative aux vices cach\u00e9s de ses produits. Ces derniers sont r\u00e9alis\u00e9s \u00e0 la main et peuvent pr\u00e9senter quelques irr\u00e9gularit\u00e9s. Le vendeur rembourse au client les produits apparemment d\u00e9fectueux ou ne correspondant pas \u00e0 la commande effectu\u00e9e. La demande de remboursement doit s\u2019effectuer par email \u00e0 : laure@bdm.paris.<br>Les articles retourn\u00e9s incomplets, ab\u00eem\u00e9s, endommag\u00e9s, d\u00e9t\u00e9rior\u00e9s ou salis par le Client ne seront pas \u00e9changeables et lui seront rendus imm\u00e9diatement ou retourn\u00e9s par voie postale dans les plus brefs d\u00e9lais.<\/p>\n\n\n\n<p><strong>XI. Droits de propri\u00e9t\u00e9 intellectuelle<\/strong><\/p>\n\n\n\n<p>Les marques, noms de domaines, produits, images, vid\u00e9os, textes ou plus g\u00e9n\u00e9ralement toute information objets de droit de propri\u00e9t\u00e9 intellectuelle sont et restent la propri\u00e9t\u00e9 exclusive du vendeur. Aucune cession de droits de propri\u00e9t\u00e9 intellectuelle n\u2019est r\u00e9alis\u00e9e au travers des pr\u00e9sentes CGV. Toute reproduction totale ou partielle, modification ou utilisation des ces biens pour quelque motif que ce soit est strictement interdite.<\/p>\n\n\n\n<p><strong>XII. Protection des donn\u00e9es personnelles<\/strong><\/p>\n\n\n\n<p>Conform\u00e9ment \u00e0 la loi Informatique et Libert\u00e9s du 6 janvier 1978, vous disposez des droits d\u2019interrogation, d\u2019acc\u00e8s, de modification, d\u2019opposition et de r\u00e9tractation sur les donn\u00e9es personnelles vous concernant.<br>En adh\u00e9rant \u00e0 ces Conditions G\u00e9n\u00e9rales de Vente, vous consentez \u00e0 ce que nous collections et utilisions ces donn\u00e9es pour la r\u00e9alisation du pr\u00e9sent contrat. En saisissant votre adresse email sur notre site, vous recevrez des emails contenant des informations et des offres promotionnelles concernant des produits \u00e9dit\u00e9s par le vendeur. Vous pouvez vous d\u00e9sinscrire \u00e0 tout instant. Il vous suffit pour cela de cliquer sur le lien pr\u00e9sent \u00e0 la fin de nos emails ou de nous contacter par lettre recommand\u00e9e avec accus\u00e9 de r\u00e9ception. Nous effectuons un suivi de la fr\u00e9quentation de notre site, et pour cela nous avons recours \u00e0 des outils tels que Google Analytics.<\/p>\n\n\n\n<p>Concernant les entreprises, L\u2019engagement de r\u00e9gler la totalit\u00e9 du devis envoy\u00e9 par mail est ferme et d\u00e9finitif d\u00e8s le versement de l\u2019acompte par virement ou par ch\u00e8que sur le RIB de Daphn\u00e9 Boutique, qui vaut acceptation de celui-ci. Aucune reprise ne sera possible si l\u2019\u00e9v\u00e8nement li\u00e9 \u00e0 la commande \u00e9tait annul\u00e9 m\u00eame pour causes sanitaires li\u00e9es \u00e0 la COVID 19 et \u00e0 ses variants.<\/p>\n\n\n\n<p><strong>XIII. Force Majeure<\/strong><\/p>\n\n\n\n<p>L&rsquo;ex\u00e9cution par Laure de Maistre de ses obligations aux termes des pr\u00e9sentes Conditions G\u00e9n\u00e9rales de Vente sera suspendue en cas de survenance d&rsquo;un cas fortuit ou de force majeure qui en g\u00eanerait ou en retarderait l&rsquo;ex\u00e9cution tel que la perturbation de l\u2019activit\u00e9 li\u00e9e \u00e0 la COVID 19 et \u00e0 ses variants par exemple confinement entrainant un arr\u00eat forc\u00e9 de l\u2019activit\u00e9.<\/p>\n\n\n\n<p><strong>XIV. Nullit\u00e9 et modification du contrat<\/strong><\/p>\n\n\n\n<p>Si l\u2019une des stipulations du pr\u00e9sent contrat est annul\u00e9e, cette nullit\u00e9 n\u2019entrainerait pas la nullit\u00e9 des autres stipulations qui demeureront en vigueur entre les parties. Toute modification contractuelle n\u2019est valable qu\u2019apr\u00e8s un accord \u00e9crit et sign\u00e9 des parties.<\/p>\n\n\n\n<p><strong>XV. Limitation de responsabilit\u00e9<\/strong><\/p>\n\n\n\n<p>Laure de Maistre ne pourra voir sa responsabilit\u00e9 engag\u00e9e pour un dommage r\u00e9sultant de l\u2019utilisation du r\u00e9seau internet tel que notamment la perte de donn\u00e9es, l\u2019intrusion, les virus informatiques, la rupture de connexion, l\u2019interruption du r\u00e9seau internet, ou autres probl\u00e8mes ind\u00e9pendants de sa volont\u00e9. Laure de Maistre se r\u00e9serve le droit de suspendre \u00e0 tout moment l\u2019exploitation du Site.<\/p>\n\n\n\n<p><strong>XVI. Non-renonciation<\/strong><\/p>\n\n\n\n<p>Le fait pour Laure de Maistre de ne pas se pr\u00e9valoir de l&rsquo;une quelconque des obligations vis\u00e9es par les pr\u00e9sentes Conditions G\u00e9n\u00e9rales de Vente, ne saurait \u00eatre interpr\u00e9t\u00e9 pour l&rsquo;avenir comme une renonciation \u00e0 l&rsquo;obligation en cause.<\/p>\n\n\n\n<p><strong>XVII. Droit applicable<\/strong><\/p>\n\n\n\n<p>Les pr\u00e9sentes Conditions G\u00e9n\u00e9rales de Vente sont r\u00e9gies par la loi fran\u00e7aise.<br>Tout litige r\u00e9sultant de la formation, de l&rsquo;interpr\u00e9tation ou de l&rsquo;ex\u00e9cution des pr\u00e9sentes Conditions G\u00e9n\u00e9rales de Vente sera de la comp\u00e9tence exclusive des tribunaux fran\u00e7ais, nonobstant pluralit\u00e9 de d\u00e9fenseurs ou appel en garantie. Ainsi, le client d\u00e9clare, avoir pris connaissance de l\u2019ensemble des pr\u00e9sentes Conditions G\u00e9n\u00e9rales de Vente et, le cas \u00e9ch\u00e9ant des Conditions Particuli\u00e8res de Vente li\u00e9es \u00e0 un produit ou \u00e0 un service afin de les accepter sans restriction et sans r\u00e9serve.<\/p>\n","protected":false},"excerpt":{"rendered":"<p>www.daphneboutique.com (le \u00ab Site \u00bb) est \u00e9dit\u00e9 Laure de Maistre dont le si\u00e8ge social est 68 rue GAMBETTA&nbsp;\u2013 78120 Rambouillet, France, en cours d\u2019immatriculation au R.C.S de Versailles. I. Application des conditions g\u00e9n\u00e9rales de vente Les conditions g\u00e9n\u00e9rales de vente (les \u00ab CGV \u00bb) d\u00e9taill\u00e9es ci-dessous s&rsquo;appliquent \u00e0 toutes les&hellip;<\/p>\n","protected":false},"author":1,"featured_media":0,"parent":0,"menu_order":0,"comment_status":"closed","ping_status":"closed","template":"","meta":[],"_links":{"self":[{"href":"https:\/\/www.daphneboutique.fr\/index.php\/wp-json\/wp\/v2\/pages\/12"}],"collection":[{"href":"https:\/\/www.daphneboutique.fr\/index.php\/wp-json\/wp\/v2\/pages"}],"about":[{"href":"https:\/\/www.daphneboutique.fr\/index.php\/wp-json\/wp\/v2\/types\/page"}],"author":[{"embeddable":true,"href":"https:\/\/www.daphneboutique.fr\/index.php\/wp-json\/wp\/v2\/users\/1"}],"replies":[{"embeddable":true,"href":"https:\/\/www.daphneboutique.fr\/index.php\/wp-json\/wp\/v2\/comments?post=12"}],"version-history":[{"count":5,"href":"https:\/\/www.daphneboutique.fr\/index.php\/wp-json\/wp\/v2\/pages\/12\/revisions"}],"predecessor-version":[{"id":2219,"href":"https:\/\/www.daphneboutique.fr\/index.php\/wp-json\/wp\/v2\/pages\/12\/revisions\/2219"}],"wp:attachment":[{"href":"https:\/\/www.daphneboutique.fr\/index.php\/wp-json\/wp\/v2\/media?parent=12"}],"curies":[{"name":"wp","href":"https:\/\/api.w.org\/{rel}","templated":true}]}}